{"id":22941,"date":"2025-05-06T05:18:23","date_gmt":"2025-05-06T05:18:23","guid":{"rendered":"https:\/\/mobecor.ee\/?post_type=product&#038;p=22941"},"modified":"2026-04-17T07:59:43","modified_gmt":"2026-04-17T04:59:43","slug":"tugitool-mann","status":"publish","type":"product","link":"https:\/\/mobecor.ee\/en\/toode\/tugitool-mann\/","title":{"rendered":"Tugitool Manni (90\/90\/94) nahk\/PVC"},"content":{"rendered":"<p>Tugitooli\u00a0karkass on valmistatud oksavabast kuivast kodumaisest okaspuidust, lisaks on kasutatud kasevineeri ja puitkiudplaati.<br \/>\nIstumise osa ja k\u00e4etugede sisemise k\u00fclje katteks on naturaalnahk.<br \/>\nK\u00e4etugede v\u00e4lisk\u00fcljed, esipaneel ja tagasein on kaetud kunstnahaga.<br \/>\nIstmes on kasutatud sik- sak vedrustust.<br \/>\nIste ja seljatugi on poroloonist, mis on kaetud pehme vatiiniga.<br \/>\nToodete tagak\u00fcljed on viimistletud ja neid saab paigutada keset tuba.<br \/>\nJalgade v\u00e4rv on valitav.<span style=\"font-size: 10pt; line-height: 1.3em;\"><br \/>\n<\/span><\/p>\n","protected":false},"excerpt":{"rendered":"<p>Laius: 90 cm.<br \/>\nS\u00fcgavus:\u00a090 cm.<br \/>\nK\u00f5rgus:\u00a094 cm.<br \/>\nTarneaeg: 4-8 n\u00e4dalat.<\/p>\n","protected":false},"featured_media":7292,"template":"","meta":{"_acf_changed":false,"inline_featured_image":false},"series":[],"product_brand":[3505],"product_cat":[285],"product_tag":[],"class_list":{"0":"post-22941","1":"product","2":"type-product","3":"status-publish","4":"has-post-thumbnail","6":"product_brand-empak","7":"product_cat-tugitoolid","9":"first","10":"instock","11":"taxable","12":"shipping-taxable","13":"purchasable","14":"product-type-simple"},"acf":[],"_links":{"self":[{"href":"https:\/\/mobecor.ee\/en\/wp-json\/wp\/v2\/product\/22941","targetHints":{"allow":["GET"]}}],"collection":[{"href":"https:\/\/mobecor.ee\/en\/wp-json\/wp\/v2\/product"}],"about":[{"href":"https:\/\/mobecor.ee\/en\/wp-json\/wp\/v2\/types\/product"}],"wp:featuredmedia":[{"embeddable":true,"href":"https:\/\/mobecor.ee\/en\/wp-json\/wp\/v2\/media\/7292"}],"wp:attachment":[{"href":"https:\/\/mobecor.ee\/en\/wp-json\/wp\/v2\/media?parent=22941"}],"wp:term":[{"taxonomy":"series","embeddable":true,"href":"https:\/\/mobecor.ee\/en\/wp-json\/wp\/v2\/series?post=22941"},{"taxonomy":"product_brand","embeddable":true,"href":"https:\/\/mobecor.ee\/en\/wp-json\/wp\/v2\/product_brand?post=22941"},{"taxonomy":"product_cat","embeddable":true,"href":"https:\/\/mobecor.ee\/en\/wp-json\/wp\/v2\/product_cat?post=22941"},{"taxonomy":"product_tag","embeddable":true,"href":"https:\/\/mobecor.ee\/en\/wp-json\/wp\/v2\/product_tag?post=22941"}],"curies":[{"name":"wp","href":"https:\/\/api.w.org\/{rel}","templated":true}]}}