{"id":22947,"date":"2025-05-06T05:18:27","date_gmt":"2025-05-06T05:18:27","guid":{"rendered":"https:\/\/mobecor.ee\/?post_type=product&#038;p=22947"},"modified":"2026-04-17T07:59:13","modified_gmt":"2026-04-17T04:59:13","slug":"nurgadiivanvoodi-ronny","status":"publish","type":"product","link":"https:\/\/mobecor.ee\/en\/toode\/nurgadiivanvoodi-ronny\/","title":{"rendered":"Nurgadiivanvoodi Ronny (302\/205) kangas 0 gr."},"content":{"rendered":"<p>Karkass on valmistatud oksavabast kuivast kodumaisest okaspuidust, lisaks on kasutatud kasevineeri ja puitkiudplaati.<br \/>\nDiivanvoodi istumise osa ja patjade katteks on kangas.<br \/>\nK\u00e4etoed, esipaneel ja tagasein on kaetud kunstnaha v\u00f5i kangaga.<br \/>\nIstmes on kasutatud sik- sak vedrustust.<br \/>\nIstme padjad on poroloonist, mis on kaetud pehme vatiiniga.<br \/>\nSeljatoe padjad on t\u00e4idetud porolooni seguga.<br \/>\nDiivanvoodi tagak\u00fclg on viimistletud ja seda saab paigutada keset tuba.<br \/>\nDiivanvoodil on 2 pesukasti.<br \/>\nJalad: plastikust. 2,5 cm.<\/p>\n<p>&nbsp;<\/p>\n","protected":false},"excerpt":{"rendered":"<p>Laius: 302 cm.<br \/>\nS\u00fcgavus:\u00a0160\/205 cm.<br \/>\nK\u00f5rgus:\u00a072 cm.<br \/>\nMagamiskoht:\u00a0140 x 260 cm.<br \/>\nTarneaeg: 4-8 n\u00e4dalat.<br \/>\nSuuremat kangavalikut n\u00e4eb Mobecori m\u00f6\u00f6blipoes V\u00f5rus.<\/p>\n","protected":false},"featured_media":7304,"template":"","meta":{"_acf_changed":false,"inline_featured_image":false},"series":[],"product_brand":[3505],"product_cat":[213],"product_tag":[],"class_list":{"0":"post-22947","1":"product","2":"type-product","3":"status-publish","4":"has-post-thumbnail","6":"product_brand-empak","7":"product_cat-nurgadiivanid","9":"first","10":"instock","11":"taxable","12":"shipping-taxable","13":"purchasable","14":"product-type-simple"},"acf":[],"_links":{"self":[{"href":"https:\/\/mobecor.ee\/en\/wp-json\/wp\/v2\/product\/22947","targetHints":{"allow":["GET"]}}],"collection":[{"href":"https:\/\/mobecor.ee\/en\/wp-json\/wp\/v2\/product"}],"about":[{"href":"https:\/\/mobecor.ee\/en\/wp-json\/wp\/v2\/types\/product"}],"wp:featuredmedia":[{"embeddable":true,"href":"https:\/\/mobecor.ee\/en\/wp-json\/wp\/v2\/media\/7304"}],"wp:attachment":[{"href":"https:\/\/mobecor.ee\/en\/wp-json\/wp\/v2\/media?parent=22947"}],"wp:term":[{"taxonomy":"series","embeddable":true,"href":"https:\/\/mobecor.ee\/en\/wp-json\/wp\/v2\/series?post=22947"},{"taxonomy":"product_brand","embeddable":true,"href":"https:\/\/mobecor.ee\/en\/wp-json\/wp\/v2\/product_brand?post=22947"},{"taxonomy":"product_cat","embeddable":true,"href":"https:\/\/mobecor.ee\/en\/wp-json\/wp\/v2\/product_cat?post=22947"},{"taxonomy":"product_tag","embeddable":true,"href":"https:\/\/mobecor.ee\/en\/wp-json\/wp\/v2\/product_tag?post=22947"}],"curies":[{"name":"wp","href":"https:\/\/api.w.org\/{rel}","templated":true}]}}