{"id":22952,"date":"2025-05-06T05:18:29","date_gmt":"2025-05-06T05:18:29","guid":{"rendered":"https:\/\/mobecor.ee\/?post_type=product&#038;p=22952"},"modified":"2026-04-21T10:27:07","modified_gmt":"2026-04-21T07:27:07","slug":"tugitool-solo","status":"publish","type":"product","link":"https:\/\/mobecor.ee\/en\/toode\/tugitool-solo\/","title":{"rendered":"Tugitool Solo (68\/70\/79) kangas 0 gr."},"content":{"rendered":"<p>Karkass on valmistatud oksavabast kuivast kodumaisest okaspuidust, lisaks on kasutatud kasevineeri ja puitkiudplaati.<br \/>\nTooli istumise osa ja selja osa katteks on kangas.<br \/>\nIstmes on kasutatud sik- sak vedrustust.<br \/>\nIstme ja seljatoe sisuks on poroloon, mis on kaetud pehme vatiiniga.<br \/>\nToote tagak\u00fclg on viimistletud ja seda saab paigutada keset tuba.<br \/>\nK\u00e4etugede ja jalgade v\u00e4rv on valitav.<span style=\"font-size: 12.1599998474121px; line-height: 1.3em;\"><span style=\"font-size: 10pt;\"><br \/>\n<\/span><\/span><\/p>\n","protected":false},"excerpt":{"rendered":"<p>Laius: 68 cm.<br \/>\nS\u00fcgavus: 70 cm.<br \/>\nIstumiss\u00fcgavus: 47 cm.<br \/>\nK\u00f5rgus: 79 cm.<br \/>\nIstumisk\u00f5rgus: 46 cm.<br \/>\nTarneaeg: 4-8 n\u00e4dalat.<br \/>\nSuuremat kangavalikut n\u00e4eb Mobecori m\u00f6\u00f6blipoes V\u00f5rus.<\/p>\n","protected":false},"featured_media":7312,"template":"","meta":{"_acf_changed":false,"inline_featured_image":false},"series":[],"product_brand":[3505],"product_cat":[285],"product_tag":[],"class_list":{"0":"post-22952","1":"product","2":"type-product","3":"status-publish","4":"has-post-thumbnail","6":"product_brand-empak","7":"product_cat-tugitoolid","9":"first","10":"instock","11":"taxable","12":"shipping-taxable","13":"purchasable","14":"product-type-simple"},"acf":[],"_links":{"self":[{"href":"https:\/\/mobecor.ee\/en\/wp-json\/wp\/v2\/product\/22952","targetHints":{"allow":["GET"]}}],"collection":[{"href":"https:\/\/mobecor.ee\/en\/wp-json\/wp\/v2\/product"}],"about":[{"href":"https:\/\/mobecor.ee\/en\/wp-json\/wp\/v2\/types\/product"}],"wp:featuredmedia":[{"embeddable":true,"href":"https:\/\/mobecor.ee\/en\/wp-json\/wp\/v2\/media\/7312"}],"wp:attachment":[{"href":"https:\/\/mobecor.ee\/en\/wp-json\/wp\/v2\/media?parent=22952"}],"wp:term":[{"taxonomy":"series","embeddable":true,"href":"https:\/\/mobecor.ee\/en\/wp-json\/wp\/v2\/series?post=22952"},{"taxonomy":"product_brand","embeddable":true,"href":"https:\/\/mobecor.ee\/en\/wp-json\/wp\/v2\/product_brand?post=22952"},{"taxonomy":"product_cat","embeddable":true,"href":"https:\/\/mobecor.ee\/en\/wp-json\/wp\/v2\/product_cat?post=22952"},{"taxonomy":"product_tag","embeddable":true,"href":"https:\/\/mobecor.ee\/en\/wp-json\/wp\/v2\/product_tag?post=22952"}],"curies":[{"name":"wp","href":"https:\/\/api.w.org\/{rel}","templated":true}]}}