{"id":22986,"date":"2025-05-06T05:19:11","date_gmt":"2025-05-06T05:19:11","guid":{"rendered":"https:\/\/mobecor.ee\/?post_type=product&#038;p=22986"},"modified":"2026-03-10T13:58:48","modified_gmt":"2026-03-10T11:58:48","slug":"beebimadrats-hilding-safe-70-140","status":"publish","type":"product","link":"https:\/\/mobecor.ee\/en\/toode\/beebimadrats-hilding-safe-70-140\/","title":{"rendered":"Beebimadrats Hilding Safe 70*140"},"content":{"rendered":"<div>Madratsi sisu on profileeritud nii, et selle v\u00e4limised servad on kattemadratsist k\u00f5rgemal ning tervik on paadikujuline.<br \/>\nMadrats on v\u00e4ga turvaline, lapsel on sellest raskem v\u00e4lja kukkuda.<br \/>\nT\u00e4nu sellele saab Safety Smyk\u2019i kasutada mitte ainult voodina.<br \/>\nSeda saab kaasa v\u00f5tta puhkusele, lapsega reisidele, s\u00f5pradele k\u00fclla v\u00f5i kasutada m\u00e4hkimislauana.<br \/>\nMadratsi konstruktsioon p\u00f5hineb uuenduslikul\u00a0Velvet Touch\u00a0poroloonil, mis vastutab sisu optimaalse\u00a0elastsuse ja painduvuse\u00a0eest. Sellel on ka omadused, mis v\u00f5imaldavad teil s\u00e4ilitada h\u00fcgieeni ja sobivat ventilatsiooni taset. T\u00e4nu sellele pakub madrats lapsele\u00a0sobivat kehatuge, aidates kaasa mugavale ja taastavale unele.<br \/>\nMadrats on m\u00f5eldud beebidele alates\u00a0esimestest elup\u00e4evadest.\u00a0Madratsi kattel on optiliste valgenditeta niiskuskindel ja\u00a0allergiavastane Lotus t\u00f6\u00f6tlus,\u00a0mis ei v\u00f5ta sisse plekke ning on lihtsasti puhastatav.<br \/>\nMadratsi kate on eemaldatav ja pestav kuni 40-kraadisel temperatuuril.<\/div>\n","protected":false},"excerpt":{"rendered":"<p>Safety Smyk on beebimadrats, mis on loodud\u00a0lapse turvalisust\u00a0silmas pidades.<br \/>\nM\u00f5\u00f5dud: 70 x 140 cm.<br \/>\nK\u00f5rgus: 13 cm.<\/p>\n","protected":false},"featured_media":7376,"template":"","meta":{"_acf_changed":false,"inline_featured_image":false},"series":[],"product_brand":[2856],"product_cat":[2958],"product_tag":[],"class_list":{"0":"post-22986","1":"product","2":"type-product","3":"status-publish","4":"has-post-thumbnail","6":"product_brand-hilding","7":"product_cat-70-140","9":"first","10":"instock","11":"taxable","12":"shipping-taxable","13":"purchasable","14":"product-type-simple"},"acf":[],"_links":{"self":[{"href":"https:\/\/mobecor.ee\/en\/wp-json\/wp\/v2\/product\/22986","targetHints":{"allow":["GET"]}}],"collection":[{"href":"https:\/\/mobecor.ee\/en\/wp-json\/wp\/v2\/product"}],"about":[{"href":"https:\/\/mobecor.ee\/en\/wp-json\/wp\/v2\/types\/product"}],"wp:featuredmedia":[{"embeddable":true,"href":"https:\/\/mobecor.ee\/en\/wp-json\/wp\/v2\/media\/7376"}],"wp:attachment":[{"href":"https:\/\/mobecor.ee\/en\/wp-json\/wp\/v2\/media?parent=22986"}],"wp:term":[{"taxonomy":"series","embeddable":true,"href":"https:\/\/mobecor.ee\/en\/wp-json\/wp\/v2\/series?post=22986"},{"taxonomy":"product_brand","embeddable":true,"href":"https:\/\/mobecor.ee\/en\/wp-json\/wp\/v2\/product_brand?post=22986"},{"taxonomy":"product_cat","embeddable":true,"href":"https:\/\/mobecor.ee\/en\/wp-json\/wp\/v2\/product_cat?post=22986"},{"taxonomy":"product_tag","embeddable":true,"href":"https:\/\/mobecor.ee\/en\/wp-json\/wp\/v2\/product_tag?post=22986"}],"curies":[{"name":"wp","href":"https:\/\/api.w.org\/{rel}","templated":true}]}}