{"id":22987,"date":"2025-05-06T05:19:13","date_gmt":"2025-05-06T05:19:13","guid":{"rendered":"https:\/\/mobecor.ee\/?post_type=product&#038;p=22987"},"modified":"2025-10-06T09:34:55","modified_gmt":"2025-10-06T06:34:55","slug":"riidekapp-szp-bu-wa-120-210","status":"publish","type":"product","link":"https:\/\/mobecor.ee\/en\/toode\/riidekapp-szp-bu-wa-120-210\/","title":{"rendered":"Riidekapp SZP-BU\/WA (120\/60\/210)\/LAOS KOHE OLEMAS"},"content":{"rendered":"<p><span style=\"font-size: 10pt; line-height: 1.3em;\">Riidekapil on 2 l\u00fckandust.<\/span><br \/>\n<span style=\"font-size: 10pt; line-height: 1.3em;\">Uste taga on pesuriiulid ja riidepuutoru.<\/span><br \/>\n<span style=\"font-size: 10pt; line-height: 1.3em;\">Materjal: kvaliteetne ja vastupidav melamiinkattega laminaat.<\/span><br \/>\n<span style=\"font-size: 10pt; line-height: 1.3em;\">V\u00e4rv: korpus &#8211; p\u00f6\u00f6k, esipinnad &#8211; p\u00f6\u00f6k + vanilje.<\/span><br \/>\n<span style=\"font-size: 10pt; line-height: 1.3em;\">Toodetud: Poolas.<\/span><br \/>\n<span style=\"font-size: 10pt; line-height: 1.3em;\">Toode tarnitakse detailidena.<\/p>\n<p><\/span><\/p>\n","protected":false},"excerpt":{"rendered":"<p><span style=\"font-size: 10pt; line-height: 1.3em;\">Laius: 120 cm.<br \/>\nK\u00f5rgus: 210 cm.<br \/>\nS\u00fcgavus: 60 cm.<br \/>\n<strong>Tarneaeg: Laos kohe olemas. <\/strong><br \/>\n<strong>NB! Antud v\u00e4rvikombinatsiooniga kapp on valikust v\u00e4ljas ja juurde tellida ei saa.<\/strong><\/span><\/p>\n","protected":false},"featured_media":7378,"template":"","meta":{"_acf_changed":false,"inline_featured_image":false},"series":[],"product_brand":[2947],"product_cat":[325,2923],"product_tag":[],"class_list":{"0":"post-22987","1":"product","2":"type-product","3":"status-publish","4":"has-post-thumbnail","6":"product_brand-bodzio","7":"product_cat-lukandustega-kapid","8":"product_cat-riidekapid-laos","10":"first","11":"instock","12":"sale","13":"taxable","14":"shipping-taxable","15":"purchasable","16":"product-type-simple"},"acf":[],"_links":{"self":[{"href":"https:\/\/mobecor.ee\/en\/wp-json\/wp\/v2\/product\/22987","targetHints":{"allow":["GET"]}}],"collection":[{"href":"https:\/\/mobecor.ee\/en\/wp-json\/wp\/v2\/product"}],"about":[{"href":"https:\/\/mobecor.ee\/en\/wp-json\/wp\/v2\/types\/product"}],"wp:featuredmedia":[{"embeddable":true,"href":"https:\/\/mobecor.ee\/en\/wp-json\/wp\/v2\/media\/7378"}],"wp:attachment":[{"href":"https:\/\/mobecor.ee\/en\/wp-json\/wp\/v2\/media?parent=22987"}],"wp:term":[{"taxonomy":"series","embeddable":true,"href":"https:\/\/mobecor.ee\/en\/wp-json\/wp\/v2\/series?post=22987"},{"taxonomy":"product_brand","embeddable":true,"href":"https:\/\/mobecor.ee\/en\/wp-json\/wp\/v2\/product_brand?post=22987"},{"taxonomy":"product_cat","embeddable":true,"href":"https:\/\/mobecor.ee\/en\/wp-json\/wp\/v2\/product_cat?post=22987"},{"taxonomy":"product_tag","embeddable":true,"href":"https:\/\/mobecor.ee\/en\/wp-json\/wp\/v2\/product_tag?post=22987"}],"curies":[{"name":"wp","href":"https:\/\/api.w.org\/{rel}","templated":true}]}}