{"id":23002,"date":"2025-05-06T05:20:47","date_gmt":"2025-05-06T05:20:47","guid":{"rendered":"https:\/\/mobecor.ee\/?post_type=product&#038;p=23002"},"modified":"2026-03-11T14:39:38","modified_gmt":"2026-03-11T12:39:38","slug":"diivanvoodi-kortina","status":"publish","type":"product","link":"https:\/\/mobecor.ee\/en\/toode\/diivanvoodi-kortina\/","title":{"rendered":"Diivanvoodi Kortina (197 cm)"},"content":{"rendered":"<p>Diivanvoodi Kortina on bonell vedrustusega, pehmenduseks on kasutatud porolooni<br \/>\nKarkass on valmistatud puidust ja m\u00f6\u00f6bliplaadist.<br \/>\nMagamisosa avaneb lihtsalt ja\u00a0sobib igap\u00e4evaseks kasutuseks.<br \/>\nDiivanvoodi all on mahukas pesukast.<br \/>\nV\u00e4rvivalik: G2 (helehall); G5 (latte); R1 (bee\u017e); R2 (latte); R3 (helehall); R4 (hall); R5 (grafiit).<\/p>\n","protected":false},"excerpt":{"rendered":"<p>Laius:\u00a0197 cm.<br \/>\nS\u00fcgavus: 90 cm.<br \/>\nK\u00f5rgus:\u00a092 cm.<br \/>\nMagamiskoha m\u00f5\u00f5t:\u00a0115 x 196 cm.<br \/>\nTarneaeg: 4-8 n\u00e4dalat.<br \/>\n<strong>NB! Laos kohe olemas v\u00e4rviga: G2 (helehall); G5 (latte); R3 (helehall); R4 (hall).<\/strong><br \/>\nNB! Diivani v\u00e4rvi tumedusaste v\u00f5ib veidi erineda pildil ja tegelikkuses. K\u00f5iki kangaid saab n\u00e4ha Mobecori m\u00f6\u00f6blipoodides kohapeal.<\/p>\n","protected":false},"featured_media":82573,"template":"","meta":{"_acf_changed":false,"inline_featured_image":false},"series":[],"product_brand":[2947],"product_cat":[195,2935],"product_tag":[],"class_list":{"0":"post-23002","1":"product","2":"type-product","3":"status-publish","4":"has-post-thumbnail","6":"product_brand-bodzio","7":"product_cat-diivanvoodid","8":"product_cat-pehmemoobel-laos","10":"first","11":"instock","12":"sale","13":"taxable","14":"shipping-taxable","15":"purchasable","16":"product-type-simple"},"acf":[],"_links":{"self":[{"href":"https:\/\/mobecor.ee\/en\/wp-json\/wp\/v2\/product\/23002","targetHints":{"allow":["GET"]}}],"collection":[{"href":"https:\/\/mobecor.ee\/en\/wp-json\/wp\/v2\/product"}],"about":[{"href":"https:\/\/mobecor.ee\/en\/wp-json\/wp\/v2\/types\/product"}],"wp:featuredmedia":[{"embeddable":true,"href":"https:\/\/mobecor.ee\/en\/wp-json\/wp\/v2\/media\/82573"}],"wp:attachment":[{"href":"https:\/\/mobecor.ee\/en\/wp-json\/wp\/v2\/media?parent=23002"}],"wp:term":[{"taxonomy":"series","embeddable":true,"href":"https:\/\/mobecor.ee\/en\/wp-json\/wp\/v2\/series?post=23002"},{"taxonomy":"product_brand","embeddable":true,"href":"https:\/\/mobecor.ee\/en\/wp-json\/wp\/v2\/product_brand?post=23002"},{"taxonomy":"product_cat","embeddable":true,"href":"https:\/\/mobecor.ee\/en\/wp-json\/wp\/v2\/product_cat?post=23002"},{"taxonomy":"product_tag","embeddable":true,"href":"https:\/\/mobecor.ee\/en\/wp-json\/wp\/v2\/product_tag?post=23002"}],"curies":[{"name":"wp","href":"https:\/\/api.w.org\/{rel}","templated":true}]}}