{"id":23028,"date":"2025-05-06T05:23:17","date_gmt":"2025-05-06T05:23:17","guid":{"rendered":"https:\/\/mobecor.ee\/?post_type=product&#038;p=23028"},"modified":"2026-04-21T10:27:06","modified_gmt":"2026-04-21T07:27:06","slug":"voodi-venecija-90200","status":"publish","type":"product","link":"https:\/\/mobecor.ee\/en\/toode\/voodi-venecija-90200\/","title":{"rendered":"Voodi Venecija (90*200) kangas 0 gr."},"content":{"rendered":"<p>Voodi karkass on valmistatud oksavabast kuivast kodumaisest okaspuidust, lisaks on kasutatud kasevineeri ja puitkiudplaati.<br \/>\nVoodi peats, jalust ja k\u00fclje lauad on kaetud kangaga.<br \/>\nKompleti kuuluvad lipid.<br \/>\nJalgade v\u00e4rv on valitav.<br \/>\nJuurde v\u00f5imalik tellida pesukast vastavalt voodi lausele <a href=\"https:\/\/mobecor.ee\/?s=Voodi+tumba+EM&amp;post_type=product&amp;dgwt_wcas=1&amp;lang=et\" target=\"_blank\" rel=\"noopener\">SIIT<\/a>.<br \/>\nVoodi jalgade k\u00f5rgus on 7 cm.<span style=\"font-size: 10pt;\"><br \/>\n<\/span><\/p>\n","protected":false},"excerpt":{"rendered":"<p>Laius: 90 cm.<br \/>\nS\u00fcgavus: 220 cm.<br \/>\nK\u00f5rgus: 47\/96 cm.<br \/>\nVoodile sobib madrats m\u00f5\u00f5tudes: 90 x 200 cm.<br \/>\nMadrats ei kuulu komplekti.<br \/>\nTarneaeg: 4-8 n\u00e4dalat.<br \/>\nSuuremat kangavalikut n\u00e4eb Mobecori m\u00f6\u00f6blipoes V\u00f5rus.<\/p>\n","protected":false},"featured_media":7276,"template":"","meta":{"_acf_changed":false,"inline_featured_image":false},"series":[],"product_brand":[3505],"product_cat":[4013],"product_tag":[],"class_list":{"0":"post-23028","1":"product","2":"type-product","3":"status-publish","4":"has-post-thumbnail","6":"product_brand-empak","7":"product_cat-voodid-90-x-200","9":"first","10":"instock","11":"taxable","12":"shipping-taxable","13":"purchasable","14":"product-type-simple"},"acf":[],"_links":{"self":[{"href":"https:\/\/mobecor.ee\/en\/wp-json\/wp\/v2\/product\/23028","targetHints":{"allow":["GET"]}}],"collection":[{"href":"https:\/\/mobecor.ee\/en\/wp-json\/wp\/v2\/product"}],"about":[{"href":"https:\/\/mobecor.ee\/en\/wp-json\/wp\/v2\/types\/product"}],"wp:featuredmedia":[{"embeddable":true,"href":"https:\/\/mobecor.ee\/en\/wp-json\/wp\/v2\/media\/7276"}],"wp:attachment":[{"href":"https:\/\/mobecor.ee\/en\/wp-json\/wp\/v2\/media?parent=23028"}],"wp:term":[{"taxonomy":"series","embeddable":true,"href":"https:\/\/mobecor.ee\/en\/wp-json\/wp\/v2\/series?post=23028"},{"taxonomy":"product_brand","embeddable":true,"href":"https:\/\/mobecor.ee\/en\/wp-json\/wp\/v2\/product_brand?post=23028"},{"taxonomy":"product_cat","embeddable":true,"href":"https:\/\/mobecor.ee\/en\/wp-json\/wp\/v2\/product_cat?post=23028"},{"taxonomy":"product_tag","embeddable":true,"href":"https:\/\/mobecor.ee\/en\/wp-json\/wp\/v2\/product_tag?post=23028"}],"curies":[{"name":"wp","href":"https:\/\/api.w.org\/{rel}","templated":true}]}}