{"id":23037,"date":"2025-05-06T05:23:37","date_gmt":"2025-05-06T05:23:37","guid":{"rendered":"https:\/\/mobecor.ee\/?post_type=product&#038;p=23037"},"modified":"2026-04-17T07:57:21","modified_gmt":"2026-04-17T04:57:21","slug":"diivan-mann-3-ne","status":"publish","type":"product","link":"https:\/\/mobecor.ee\/en\/toode\/diivan-mann-3-ne\/","title":{"rendered":"Diivan Manni 3-ne (190 cm) nahk\/PVC"},"content":{"rendered":"<p>Diivani karkass on valmistatud oksavabast kuivast kodumaisest okaspuidust, lisaks on kasutatud kasevineeri ja puitkiudplaati.<br \/>\nDiivani istumise osa ja k\u00e4etugede sisemise k\u00fclje katteks on naturaalnahk.<br \/>\nK\u00e4etugede v\u00e4lisk\u00fcljed, esipaneel ja tagasein on kaetud kunstnahaga.<br \/>\nIstmes on kasutatud sik- sak vedrustust.<br \/>\nIste ja seljatugi on poroloonist, mis on kaetud pehme vatiiniga.<br \/>\nToodete tagak\u00fcljed on viimistletud ja neid saab paigutada keset tuba.<br \/>\nDiivani jalgade v\u00e4rv on valitav.<span style=\"font-size: 10pt; line-height: 1.3em;\"><br \/>\n<\/span><\/p>\n","protected":false},"excerpt":{"rendered":"<p>Laius:\u00a0190 cm.<br \/>\nS\u00fcgavus:\u00a090 cm.<br \/>\nK\u00f5rgus:\u00a094 cm.<br \/>\nTarneaeg: 4-8 n\u00e4dalat.<\/p>\n","protected":false},"featured_media":7290,"template":"","meta":{"_acf_changed":false,"inline_featured_image":false},"series":[],"product_brand":[3505],"product_cat":[83],"product_tag":[],"class_list":{"0":"post-23037","1":"product","2":"type-product","3":"status-publish","4":"has-post-thumbnail","6":"product_brand-empak","7":"product_cat-diivanid","9":"first","10":"instock","11":"taxable","12":"shipping-taxable","13":"purchasable","14":"product-type-simple"},"acf":[],"_links":{"self":[{"href":"https:\/\/mobecor.ee\/en\/wp-json\/wp\/v2\/product\/23037","targetHints":{"allow":["GET"]}}],"collection":[{"href":"https:\/\/mobecor.ee\/en\/wp-json\/wp\/v2\/product"}],"about":[{"href":"https:\/\/mobecor.ee\/en\/wp-json\/wp\/v2\/types\/product"}],"wp:featuredmedia":[{"embeddable":true,"href":"https:\/\/mobecor.ee\/en\/wp-json\/wp\/v2\/media\/7290"}],"wp:attachment":[{"href":"https:\/\/mobecor.ee\/en\/wp-json\/wp\/v2\/media?parent=23037"}],"wp:term":[{"taxonomy":"series","embeddable":true,"href":"https:\/\/mobecor.ee\/en\/wp-json\/wp\/v2\/series?post=23037"},{"taxonomy":"product_brand","embeddable":true,"href":"https:\/\/mobecor.ee\/en\/wp-json\/wp\/v2\/product_brand?post=23037"},{"taxonomy":"product_cat","embeddable":true,"href":"https:\/\/mobecor.ee\/en\/wp-json\/wp\/v2\/product_cat?post=23037"},{"taxonomy":"product_tag","embeddable":true,"href":"https:\/\/mobecor.ee\/en\/wp-json\/wp\/v2\/product_tag?post=23037"}],"curies":[{"name":"wp","href":"https:\/\/api.w.org\/{rel}","templated":true}]}}