{"id":23052,"date":"2025-05-06T05:24:06","date_gmt":"2025-05-06T05:24:06","guid":{"rendered":"https:\/\/mobecor.ee\/?post_type=product&#038;p=23052"},"modified":"2025-12-22T14:20:49","modified_gmt":"2025-12-22T12:20:49","slug":"porandakapp-kamduo-duo-ds4-1-lehis-pirn","status":"publish","type":"product","link":"https:\/\/mobecor.ee\/en\/toode\/porandakapp-kamduo-duo-ds4-1-lehis-pirn\/","title":{"rendered":"P\u00f5randakapp Kam Duo  DS4\/1 (pirn\/p\u00e4hkel)"},"content":{"rendered":"<p><span lang=\"et-EE\">Kapil on 1 sahtel ja 1 uks.<br \/>\n<\/span><span lang=\"et-EE\">Korpus on valmistatud lamineeritud puitlaastplaadist paksusega 16 mm, esipinnad 18 mm.<br \/>\n<\/span>Ukse servad on viimistletud 2 mm paksuse ABS kandiga ja kasutatud on veekindlat PUR liimi.<br \/>\nHinged l\u00e4bim\u00f5\u00f5duga 35mm, reguleeritavad.<br \/>\nSahtli v\u00e4rv: p\u00e4hkel (tume).<br \/>\nUkse v\u00e4rv: pirn (hele).<br \/>\nKorpuse v\u00e4rv: pirn (hele).<br \/>\nToodetud: Poolas.<br \/>\nToode tarnitakse detailidena.<\/p>\n","protected":false},"excerpt":{"rendered":"<p><strong><span lang=\"et-EE\">\u00dcksik viimane kapp ilma t\u00f6\u00f6pinnata.<\/span><\/strong><br \/>\nLaius: 40 cm.<br \/>\nS\u00fcgavus: 51 cm.<br \/>\nK\u00f5rgus: 82 cm.<br \/>\nTarneaeg: laos kohe olemas.<\/p>\n","protected":false},"featured_media":7140,"template":"","meta":{"_acf_changed":false,"inline_featured_image":false},"series":[],"product_brand":[2952],"product_cat":[2931],"product_tag":[],"class_list":{"0":"post-23052","1":"product","2":"type-product","3":"status-publish","4":"has-post-thumbnail","6":"product_brand-meblekam","7":"product_cat-koogimoobel-laos","9":"first","10":"instock","11":"sale","12":"taxable","13":"shipping-taxable","14":"purchasable","15":"product-type-simple"},"acf":[],"_links":{"self":[{"href":"https:\/\/mobecor.ee\/en\/wp-json\/wp\/v2\/product\/23052","targetHints":{"allow":["GET"]}}],"collection":[{"href":"https:\/\/mobecor.ee\/en\/wp-json\/wp\/v2\/product"}],"about":[{"href":"https:\/\/mobecor.ee\/en\/wp-json\/wp\/v2\/types\/product"}],"wp:featuredmedia":[{"embeddable":true,"href":"https:\/\/mobecor.ee\/en\/wp-json\/wp\/v2\/media\/7140"}],"wp:attachment":[{"href":"https:\/\/mobecor.ee\/en\/wp-json\/wp\/v2\/media?parent=23052"}],"wp:term":[{"taxonomy":"series","embeddable":true,"href":"https:\/\/mobecor.ee\/en\/wp-json\/wp\/v2\/series?post=23052"},{"taxonomy":"product_brand","embeddable":true,"href":"https:\/\/mobecor.ee\/en\/wp-json\/wp\/v2\/product_brand?post=23052"},{"taxonomy":"product_cat","embeddable":true,"href":"https:\/\/mobecor.ee\/en\/wp-json\/wp\/v2\/product_cat?post=23052"},{"taxonomy":"product_tag","embeddable":true,"href":"https:\/\/mobecor.ee\/en\/wp-json\/wp\/v2\/product_tag?post=23052"}],"curies":[{"name":"wp","href":"https:\/\/api.w.org\/{rel}","templated":true}]}}