{"id":23054,"date":"2025-05-06T05:24:14","date_gmt":"2025-05-06T05:24:14","guid":{"rendered":"https:\/\/mobecor.ee\/?post_type=product&#038;p=23054"},"modified":"2026-01-20T16:15:58","modified_gmt":"2026-01-20T14:15:58","slug":"taispuidust-soogilaud-koonusjalaga-80-120","status":"publish","type":"product","link":"https:\/\/mobecor.ee\/en\/toode\/taispuidust-soogilaud-koonusjalaga-80-120\/","title":{"rendered":"T\u00e4ispuidust s\u00f6\u00f6gilaud koonusjalaga (80*120)"},"content":{"rendered":"<p>Materjal: m\u00e4nnipuit.<br \/>\nV\u00e4rvivalik: valge; hele; vana m\u00e4nd; kirss; tume.<br \/>\nToodetud: Eestis.<br \/>\nToode tarnitakse detailidena.<\/p>\n","protected":false},"excerpt":{"rendered":"<p>Laius: 120 cm.<br \/>\nS\u00fcgavus: 80 cm.<br \/>\nK\u00f5rgus: 75 cm.<br \/>\nTarneaeg: kuni 2 n\u00e4dalat.<\/p>\n","protected":false},"featured_media":75931,"template":"","meta":{"_acf_changed":false,"inline_featured_image":false},"series":[],"product_brand":[3010],"product_cat":[219],"product_tag":[],"class_list":{"0":"post-23054","1":"product","2":"type-product","3":"status-publish","4":"has-post-thumbnail","6":"product_brand-puuslik","7":"product_cat-soogilauad","9":"first","10":"instock","11":"taxable","12":"shipping-taxable","13":"purchasable","14":"product-type-simple"},"acf":[],"_links":{"self":[{"href":"https:\/\/mobecor.ee\/en\/wp-json\/wp\/v2\/product\/23054","targetHints":{"allow":["GET"]}}],"collection":[{"href":"https:\/\/mobecor.ee\/en\/wp-json\/wp\/v2\/product"}],"about":[{"href":"https:\/\/mobecor.ee\/en\/wp-json\/wp\/v2\/types\/product"}],"wp:featuredmedia":[{"embeddable":true,"href":"https:\/\/mobecor.ee\/en\/wp-json\/wp\/v2\/media\/75931"}],"wp:attachment":[{"href":"https:\/\/mobecor.ee\/en\/wp-json\/wp\/v2\/media?parent=23054"}],"wp:term":[{"taxonomy":"series","embeddable":true,"href":"https:\/\/mobecor.ee\/en\/wp-json\/wp\/v2\/series?post=23054"},{"taxonomy":"product_brand","embeddable":true,"href":"https:\/\/mobecor.ee\/en\/wp-json\/wp\/v2\/product_brand?post=23054"},{"taxonomy":"product_cat","embeddable":true,"href":"https:\/\/mobecor.ee\/en\/wp-json\/wp\/v2\/product_cat?post=23054"},{"taxonomy":"product_tag","embeddable":true,"href":"https:\/\/mobecor.ee\/en\/wp-json\/wp\/v2\/product_tag?post=23054"}],"curies":[{"name":"wp","href":"https:\/\/api.w.org\/{rel}","templated":true}]}}