{"id":23056,"date":"2025-05-06T05:24:21","date_gmt":"2025-05-06T05:24:21","guid":{"rendered":"https:\/\/mobecor.ee\/?post_type=product&#038;p=23056"},"modified":"2026-01-20T15:46:26","modified_gmt":"2026-01-20T13:46:26","slug":"beebivoodi-1","status":"publish","type":"product","link":"https:\/\/mobecor.ee\/en\/toode\/beebivoodi-1\/","title":{"rendered":"T\u00e4ispuidust beebivoodi 60*120"},"content":{"rendered":"<p>Madratsialuse k\u00f5rgus reguleeritav: 40 cm v\u00f5i 60 cm.<br \/>\nMaterjal: m\u00e4nnipuit.<br \/>\nV\u00e4rvivalik: valge; hele; vana m\u00e4nd; kirss; tume.<br \/>\nToodetud: Eestis.<br \/>\nToode tarnitakse detailidena.<\/p>\n<p>&nbsp;<\/p>\n","protected":false},"excerpt":{"rendered":"<p>Voodile sobib madrats m\u00f5\u00f5tudes\u00a060 x 120 cm.<br \/>\nMadrats ei kuulu komplekti.<br \/>\nVoodi \u00fcldk\u00f5rgus: 90 cm.<br \/>\nTarneaeg: kuni 2 n\u00e4dalat.<\/p>\n","protected":false},"featured_media":75578,"template":"","meta":{"_acf_changed":false,"inline_featured_image":false},"series":[],"product_brand":[3010],"product_cat":[324,47],"product_tag":[],"class_list":{"0":"post-23056","1":"product","2":"type-product","3":"status-publish","4":"has-post-thumbnail","6":"product_brand-puuslik","7":"product_cat-taispuidust-voodid","8":"product_cat-lastevoodid","10":"first","11":"instock","12":"taxable","13":"shipping-taxable","14":"purchasable","15":"product-type-simple"},"acf":[],"_links":{"self":[{"href":"https:\/\/mobecor.ee\/en\/wp-json\/wp\/v2\/product\/23056","targetHints":{"allow":["GET"]}}],"collection":[{"href":"https:\/\/mobecor.ee\/en\/wp-json\/wp\/v2\/product"}],"about":[{"href":"https:\/\/mobecor.ee\/en\/wp-json\/wp\/v2\/types\/product"}],"wp:featuredmedia":[{"embeddable":true,"href":"https:\/\/mobecor.ee\/en\/wp-json\/wp\/v2\/media\/75578"}],"wp:attachment":[{"href":"https:\/\/mobecor.ee\/en\/wp-json\/wp\/v2\/media?parent=23056"}],"wp:term":[{"taxonomy":"series","embeddable":true,"href":"https:\/\/mobecor.ee\/en\/wp-json\/wp\/v2\/series?post=23056"},{"taxonomy":"product_brand","embeddable":true,"href":"https:\/\/mobecor.ee\/en\/wp-json\/wp\/v2\/product_brand?post=23056"},{"taxonomy":"product_cat","embeddable":true,"href":"https:\/\/mobecor.ee\/en\/wp-json\/wp\/v2\/product_cat?post=23056"},{"taxonomy":"product_tag","embeddable":true,"href":"https:\/\/mobecor.ee\/en\/wp-json\/wp\/v2\/product_tag?post=23056"}],"curies":[{"name":"wp","href":"https:\/\/api.w.org\/{rel}","templated":true}]}}