{"id":23118,"date":"2025-05-06T05:28:23","date_gmt":"2025-05-06T05:28:23","guid":{"rendered":"https:\/\/mobecor.ee\/?post_type=product&#038;p=23118"},"modified":"2026-03-17T15:19:03","modified_gmt":"2026-03-17T13:19:03","slug":"voodi-selene-33-pohjalipid-r-160","status":"publish","type":"product","link":"https:\/\/mobecor.ee\/en\/toode\/voodi-selene-33-pohjalipid-r-160\/","title":{"rendered":"Voodi Selene 33 valge + p\u00f5hjalipid R-160*200"},"content":{"rendered":"<p>Voodile sobib madrats m\u00f5\u00f5tudes 160*200.<br \/>\nMadrats ei kuulu komplekti.<br \/>\nMaterjal:\u00a0lamineeritud m\u00f6\u00f6bliplaat + MDF.<br \/>\nV\u00e4rv: valge\/valge k\u00f5rgl\u00e4ikega.<br \/>\nToodetud: Poolas.<br \/>\nToode tarnitakse detailidena.<span style=\"font-size: 10pt;\"><br \/>\n<\/span><span style=\"font-size: 10pt;\"><br \/>\n<\/span><\/p>\n","protected":false},"excerpt":{"rendered":"<p>Laius:\u00a0167 cm.<br \/>\nK\u00f5rgus:\u00a088 cm.<br \/>\nS\u00fcgavus:\u00a0205 cm.<br \/>\nTarneaeg: 4-8 n\u00e4dalat.<\/p>\n","protected":false},"featured_media":7746,"template":"","meta":{"_acf_changed":false,"inline_featured_image":false},"series":[2828],"product_brand":[2941],"product_cat":[4016],"product_tag":[],"class_list":{"0":"post-23118","1":"product","2":"type-product","3":"status-publish","4":"has-post-thumbnail","6":"series-selene","7":"product_brand-szynaka","8":"product_cat-voodid-160-x-200","10":"first","11":"instock","12":"taxable","13":"shipping-taxable","14":"purchasable","15":"product-type-simple"},"acf":[],"_links":{"self":[{"href":"https:\/\/mobecor.ee\/en\/wp-json\/wp\/v2\/product\/23118","targetHints":{"allow":["GET"]}}],"collection":[{"href":"https:\/\/mobecor.ee\/en\/wp-json\/wp\/v2\/product"}],"about":[{"href":"https:\/\/mobecor.ee\/en\/wp-json\/wp\/v2\/types\/product"}],"wp:featuredmedia":[{"embeddable":true,"href":"https:\/\/mobecor.ee\/en\/wp-json\/wp\/v2\/media\/7746"}],"wp:attachment":[{"href":"https:\/\/mobecor.ee\/en\/wp-json\/wp\/v2\/media?parent=23118"}],"wp:term":[{"taxonomy":"series","embeddable":true,"href":"https:\/\/mobecor.ee\/en\/wp-json\/wp\/v2\/series?post=23118"},{"taxonomy":"product_brand","embeddable":true,"href":"https:\/\/mobecor.ee\/en\/wp-json\/wp\/v2\/product_brand?post=23118"},{"taxonomy":"product_cat","embeddable":true,"href":"https:\/\/mobecor.ee\/en\/wp-json\/wp\/v2\/product_cat?post=23118"},{"taxonomy":"product_tag","embeddable":true,"href":"https:\/\/mobecor.ee\/en\/wp-json\/wp\/v2\/product_tag?post=23118"}],"curies":[{"name":"wp","href":"https:\/\/api.w.org\/{rel}","templated":true}]}}