{"id":23346,"date":"2025-05-06T05:49:06","date_gmt":"2025-05-06T05:49:06","guid":{"rendered":"https:\/\/mobecor.ee\/?post_type=product&#038;p=23346"},"modified":"2025-09-24T11:14:03","modified_gmt":"2025-09-24T08:14:03","slug":"vitriinkapp-massiomo-10-l-13425","status":"publish","type":"product","link":"https:\/\/mobecor.ee\/en\/toode\/vitriinkapp-massiomo-10-l-13425\/","title":{"rendered":"Vitriinkapp Mosaic 10 (67\/42\/196)"},"content":{"rendered":"<p><span style=\"font-size: 10pt;\">Vitriinkapil on 1 osaliselt klaasiga uks.\u00a0Uks avaneb vasakule.<br \/>\n<\/span><span style=\"font-size: 10pt;\">Vitriinkapi parem k\u00fclg on osaliselt klaasiga.<br \/>\n<\/span><span style=\"font-size: 10pt;\">Ukse taga on 2 karastatud klaasist vaheriiulit ja 2 tavalist vaheriiulit.<br \/>\n<\/span><span style=\"font-size: 10pt;\">Lisavalikuna on v\u00f5imalik juurde osta led valgustus klaasist riiulitele.<br \/>\n<\/span><span style=\"font-size: 10pt;\">Esipinnad: harjatud tammepuit + karastatud klaas.<br \/>\n<\/span><span style=\"font-size: 10pt;\">Korpus: m\u00f6\u00f6bliplaat + naturaalne tammevineer.<br \/>\n<\/span><span style=\"font-size: 10pt;\">K\u00e4epidemed: musta v\u00e4rvi metallist.<br \/>\n<\/span><span style=\"font-size: 13.3333px;\">V\u00e4rv: \u00f5litatud meev\u00e4rvi tamm + must.<br \/>\n<\/span><span style=\"font-size: 10pt;\">Toodetud: Poolas.<br \/>\n<\/span><span style=\"font-size: 10pt;\">Toode tarnitakse kokkupanduna.<br \/>\n<\/span><\/p>\n","protected":false},"excerpt":{"rendered":"<p><span style=\"font-size: 10pt;\">Laius: 67 cm.<br \/>\n<\/span><span style=\"font-size: 10pt;\">S\u00fcgavus: 42 cm.<br \/>\n<\/span><span style=\"font-size: 10pt;\">K\u00f5rgus: 196\u00a0cm.<br \/>\n<\/span><span style=\"font-size: 10pt;\">Kaal: 77 kg.<br \/>\n<\/span><span style=\"font-size: 10pt;\">Tarneaeg: 4-8 n\u00e4dalat.<\/span><\/p>\n","protected":false},"featured_media":6644,"template":"","meta":{"_acf_changed":false,"inline_featured_image":false},"series":[2795],"product_brand":[2941],"product_cat":[33],"product_tag":[],"class_list":{"0":"post-23346","1":"product","2":"type-product","3":"status-publish","4":"has-post-thumbnail","6":"series-mosaic","7":"product_brand-szynaka","8":"product_cat-vitriinid","10":"first","11":"instock","12":"taxable","13":"shipping-taxable","14":"purchasable","15":"product-type-variable"},"acf":[],"_links":{"self":[{"href":"https:\/\/mobecor.ee\/en\/wp-json\/wp\/v2\/product\/23346","targetHints":{"allow":["GET"]}}],"collection":[{"href":"https:\/\/mobecor.ee\/en\/wp-json\/wp\/v2\/product"}],"about":[{"href":"https:\/\/mobecor.ee\/en\/wp-json\/wp\/v2\/types\/product"}],"wp:featuredmedia":[{"embeddable":true,"href":"https:\/\/mobecor.ee\/en\/wp-json\/wp\/v2\/media\/6644"}],"wp:attachment":[{"href":"https:\/\/mobecor.ee\/en\/wp-json\/wp\/v2\/media?parent=23346"}],"wp:term":[{"taxonomy":"series","embeddable":true,"href":"https:\/\/mobecor.ee\/en\/wp-json\/wp\/v2\/series?post=23346"},{"taxonomy":"product_brand","embeddable":true,"href":"https:\/\/mobecor.ee\/en\/wp-json\/wp\/v2\/product_brand?post=23346"},{"taxonomy":"product_cat","embeddable":true,"href":"https:\/\/mobecor.ee\/en\/wp-json\/wp\/v2\/product_cat?post=23346"},{"taxonomy":"product_tag","embeddable":true,"href":"https:\/\/mobecor.ee\/en\/wp-json\/wp\/v2\/product_tag?post=23346"}],"curies":[{"name":"wp","href":"https:\/\/api.w.org\/{rel}","templated":true}]}}