{"id":23351,"date":"2025-05-06T05:49:14","date_gmt":"2025-05-06T05:49:14","guid":{"rendered":"https:\/\/mobecor.ee\/?post_type=product&#038;p=23351"},"modified":"2025-09-23T12:26:33","modified_gmt":"2025-09-23T09:26:33","slug":"tv-alus-mosaic-25","status":"publish","type":"product","link":"https:\/\/mobecor.ee\/en\/toode\/tv-alus-mosaic-25\/","title":{"rendered":"Tv-alus Mosaic 25 (170\/42\/46)"},"content":{"rendered":"<p><span style=\"font-size: 10pt;\">Tv-alusel on\u00a01 uks ja 1 sahtel.<br \/>\n<\/span><span style=\"font-size: 10pt;\">Esipinnad: harjatud tammepuit.<br \/>\n<\/span><span style=\"font-size: 10pt;\">Korpus: m\u00f6\u00f6bliplaat + naturaalne tammevineer.<br \/>\n<\/span><span style=\"font-size: 10pt;\">K\u00e4epidemed: musta v\u00e4rvi metallist.<br \/>\n<\/span><span style=\"font-size: 13.3333px;\">V\u00e4rv: \u00f5litatud meev\u00e4rvi tamm + must.<br \/>\n<\/span><span style=\"font-size: 10pt;\">Toodetud: Poolas.<br \/>\n<\/span><span style=\"font-size: 10pt;\">Toode tarnitakse kokkupanduna.<br \/>\n<\/span><\/p>\n","protected":false},"excerpt":{"rendered":"<p><span style=\"font-size: 10pt;\">Laius: 170 cm.<br \/>\n<\/span><span style=\"font-size: 10pt;\">S\u00fcgavus: 42 cm.<br \/>\n<\/span><span style=\"font-size: 10pt;\">K\u00f5rgus: 46\u00a0cm.<br \/>\n<\/span><span style=\"font-size: 10pt;\">Kaal: 51 kg.<br \/>\n<\/span><span style=\"font-size: 10pt;\">Tarneaeg: 4-8 n\u00e4dalat.<\/span><\/p>\n","protected":false},"featured_media":6654,"template":"","meta":{"_acf_changed":false,"inline_featured_image":false},"series":[2795],"product_brand":[2941],"product_cat":[34],"product_tag":[],"class_list":{"0":"post-23351","1":"product","2":"type-product","3":"status-publish","4":"has-post-thumbnail","6":"series-mosaic","7":"product_brand-szynaka","8":"product_cat-tv-alused","10":"first","11":"instock","12":"taxable","13":"shipping-taxable","14":"purchasable","15":"product-type-simple"},"acf":[],"_links":{"self":[{"href":"https:\/\/mobecor.ee\/en\/wp-json\/wp\/v2\/product\/23351","targetHints":{"allow":["GET"]}}],"collection":[{"href":"https:\/\/mobecor.ee\/en\/wp-json\/wp\/v2\/product"}],"about":[{"href":"https:\/\/mobecor.ee\/en\/wp-json\/wp\/v2\/types\/product"}],"wp:featuredmedia":[{"embeddable":true,"href":"https:\/\/mobecor.ee\/en\/wp-json\/wp\/v2\/media\/6654"}],"wp:attachment":[{"href":"https:\/\/mobecor.ee\/en\/wp-json\/wp\/v2\/media?parent=23351"}],"wp:term":[{"taxonomy":"series","embeddable":true,"href":"https:\/\/mobecor.ee\/en\/wp-json\/wp\/v2\/series?post=23351"},{"taxonomy":"product_brand","embeddable":true,"href":"https:\/\/mobecor.ee\/en\/wp-json\/wp\/v2\/product_brand?post=23351"},{"taxonomy":"product_cat","embeddable":true,"href":"https:\/\/mobecor.ee\/en\/wp-json\/wp\/v2\/product_cat?post=23351"},{"taxonomy":"product_tag","embeddable":true,"href":"https:\/\/mobecor.ee\/en\/wp-json\/wp\/v2\/product_tag?post=23351"}],"curies":[{"name":"wp","href":"https:\/\/api.w.org\/{rel}","templated":true}]}}