{"id":23352,"date":"2025-05-06T05:49:16","date_gmt":"2025-05-06T05:49:16","guid":{"rendered":"https:\/\/mobecor.ee\/?post_type=product&#038;p=23352"},"modified":"2025-09-23T12:28:04","modified_gmt":"2025-09-23T09:28:04","slug":"seinariiul-mosaic-34","status":"publish","type":"product","link":"https:\/\/mobecor.ee\/en\/toode\/seinariiul-mosaic-34\/","title":{"rendered":"Seinariiul Mosaic 34 (135\/25\/28)"},"content":{"rendered":"<p><span style=\"font-size: 10pt;\">Materjal:\u00a0harjatud tammepuit + naturaalne tammevineer.<br \/>\n<\/span><span style=\"font-size: 13.3333px;\">V\u00e4rv: \u00f5litatud meev\u00e4rvi tamm + must.<br \/>\n<\/span><span style=\"font-size: 10pt;\">Toodetud: Poolas.<br \/>\n<\/span><span style=\"font-size: 10pt;\">Toode tarnitakse detailidena.<br \/>\n<\/span><\/p>\n","protected":false},"excerpt":{"rendered":"<p><span style=\"font-size: 10pt;\">Laius: 135 cm.<br \/>\n<\/span><span style=\"font-size: 10pt;\">S\u00fcgavus: 25 cm.<br \/>\n<\/span><span style=\"font-size: 10pt;\">K\u00f5rgus: 28\u00a0cm.<br \/>\n<\/span><span style=\"font-size: 10pt;\">Kaal: 10 kg.<br \/>\n<\/span><span style=\"font-size: 10pt;\">Tarneaeg: 4-8 n\u00e4dalat.<\/span><\/p>\n","protected":false},"featured_media":6656,"template":"","meta":{"_acf_changed":false,"inline_featured_image":false},"series":[2795],"product_brand":[2941],"product_cat":[93],"product_tag":[],"class_list":{"0":"post-23352","1":"product","2":"type-product","3":"status-publish","4":"has-post-thumbnail","6":"series-mosaic","7":"product_brand-szynaka","8":"product_cat-seinariiulid","10":"first","11":"instock","12":"taxable","13":"shipping-taxable","14":"purchasable","15":"product-type-simple"},"acf":[],"_links":{"self":[{"href":"https:\/\/mobecor.ee\/en\/wp-json\/wp\/v2\/product\/23352","targetHints":{"allow":["GET"]}}],"collection":[{"href":"https:\/\/mobecor.ee\/en\/wp-json\/wp\/v2\/product"}],"about":[{"href":"https:\/\/mobecor.ee\/en\/wp-json\/wp\/v2\/types\/product"}],"wp:featuredmedia":[{"embeddable":true,"href":"https:\/\/mobecor.ee\/en\/wp-json\/wp\/v2\/media\/6656"}],"wp:attachment":[{"href":"https:\/\/mobecor.ee\/en\/wp-json\/wp\/v2\/media?parent=23352"}],"wp:term":[{"taxonomy":"series","embeddable":true,"href":"https:\/\/mobecor.ee\/en\/wp-json\/wp\/v2\/series?post=23352"},{"taxonomy":"product_brand","embeddable":true,"href":"https:\/\/mobecor.ee\/en\/wp-json\/wp\/v2\/product_brand?post=23352"},{"taxonomy":"product_cat","embeddable":true,"href":"https:\/\/mobecor.ee\/en\/wp-json\/wp\/v2\/product_cat?post=23352"},{"taxonomy":"product_tag","embeddable":true,"href":"https:\/\/mobecor.ee\/en\/wp-json\/wp\/v2\/product_tag?post=23352"}],"curies":[{"name":"wp","href":"https:\/\/api.w.org\/{rel}","templated":true}]}}