{"id":23354,"date":"2025-05-06T05:49:19","date_gmt":"2025-05-06T05:49:19","guid":{"rendered":"https:\/\/mobecor.ee\/?post_type=product&#038;p=23354"},"modified":"2025-09-23T12:31:05","modified_gmt":"2025-09-23T09:31:05","slug":"pikndatav-soogilaud-mosaic-40","status":"publish","type":"product","link":"https:\/\/mobecor.ee\/en\/toode\/pikndatav-soogilaud-mosaic-40\/","title":{"rendered":"Pikndatav s\u00f6\u00f6gilaud Mosaic 40 (90*160\/220)"},"content":{"rendered":"<p><span style=\"font-size: 10pt;\">Materjal:\u00a0harjatud tammepuit + musta v\u00e4rvi metallist jalad.<br \/>\n<\/span><span style=\"font-size: 13.3333px;\">V\u00e4rv: \u00f5litatud meev\u00e4rvi tamm + must.<br \/>\n<\/span><span style=\"font-size: 10pt;\">Toodetud: Poolas.<br \/>\n<\/span><span style=\"font-size: 10pt;\">Toode tarnitakse detailidena.<br \/>\n<\/span><span style=\"font-size: 10pt;\"><br \/>\n<\/span><\/p>\n","protected":false},"excerpt":{"rendered":"<p><span style=\"font-size: 10pt;\">Laius: 160-220 cm.<br \/>\n<\/span><span style=\"font-size: 10pt;\">K\u00f5rgus: 78\u00a0<\/span><span style=\"font-size: 10pt;\">cm.<br \/>\n<\/span><span style=\"font-size: 10pt;\">S\u00fcgavus: 90 cm.<br \/>\n<\/span><span style=\"font-size: 10pt;\">Kaal: 63 kg.<br \/>\nTarneaeg: 4-8 n\u00e4dalat.<\/span><\/p>\n","protected":false},"featured_media":6660,"template":"","meta":{"_acf_changed":false,"inline_featured_image":false},"series":[2795],"product_brand":[2941],"product_cat":[219],"product_tag":[],"class_list":{"0":"post-23354","1":"product","2":"type-product","3":"status-publish","4":"has-post-thumbnail","6":"series-mosaic","7":"product_brand-szynaka","8":"product_cat-soogilauad","10":"first","11":"instock","12":"taxable","13":"shipping-taxable","14":"purchasable","15":"product-type-simple"},"acf":[],"_links":{"self":[{"href":"https:\/\/mobecor.ee\/en\/wp-json\/wp\/v2\/product\/23354","targetHints":{"allow":["GET"]}}],"collection":[{"href":"https:\/\/mobecor.ee\/en\/wp-json\/wp\/v2\/product"}],"about":[{"href":"https:\/\/mobecor.ee\/en\/wp-json\/wp\/v2\/types\/product"}],"wp:featuredmedia":[{"embeddable":true,"href":"https:\/\/mobecor.ee\/en\/wp-json\/wp\/v2\/media\/6660"}],"wp:attachment":[{"href":"https:\/\/mobecor.ee\/en\/wp-json\/wp\/v2\/media?parent=23354"}],"wp:term":[{"taxonomy":"series","embeddable":true,"href":"https:\/\/mobecor.ee\/en\/wp-json\/wp\/v2\/series?post=23354"},{"taxonomy":"product_brand","embeddable":true,"href":"https:\/\/mobecor.ee\/en\/wp-json\/wp\/v2\/product_brand?post=23354"},{"taxonomy":"product_cat","embeddable":true,"href":"https:\/\/mobecor.ee\/en\/wp-json\/wp\/v2\/product_cat?post=23354"},{"taxonomy":"product_tag","embeddable":true,"href":"https:\/\/mobecor.ee\/en\/wp-json\/wp\/v2\/product_tag?post=23354"}],"curies":[{"name":"wp","href":"https:\/\/api.w.org\/{rel}","templated":true}]}}