{"id":23362,"date":"2025-05-06T05:50:03","date_gmt":"2025-05-06T05:50:03","guid":{"rendered":"https:\/\/mobecor.ee\/?post_type=product&#038;p=23362"},"modified":"2026-01-20T14:07:53","modified_gmt":"2026-01-20T12:07:53","slug":"voodi-monaco-moal-01-140","status":"publish","type":"product","link":"https:\/\/mobecor.ee\/en\/toode\/voodi-monaco-moal-01-140\/","title":{"rendered":"Voodi Monaco MOAL 01 (140*200)"},"content":{"rendered":"<p>Voodile sobib madrats m\u00f5\u00f5tudes 140 * 200 cm.<br \/>\nMadrats ja voodip\u00f5hi ei kuulu komplekti.<br \/>\nLisavalikuna v\u00f5imalik juurde osta p\u00f5hjalipid v\u00f5i mehhanismiga \u00fclest\u00f5stetav voodip\u00f5hi.<br \/>\nMaterjal: kvaliteetne ja vastupidav melamiinkattega laminaat + MDF.<br \/>\nV\u00e4rv: tamm Stirling\/must.<br \/>\nToodetud: Poolas.<br \/>\nToode tarnitakse detailidena.<\/p>\n","protected":false},"excerpt":{"rendered":"<p>Laius: 145,3 cm.<br \/>\nS\u00fcgavus: 221,7 cm.<br \/>\nK\u00f5rgus: 100,1 cm.<br \/>\nTarneaeg: 4-8 n\u00e4dalat.<\/p>\n","protected":false},"featured_media":6676,"template":"","meta":{"_acf_changed":false,"inline_featured_image":false},"series":[3013],"product_brand":[2939],"product_cat":[4015],"product_tag":[],"class_list":{"0":"post-23362","1":"product","2":"type-product","3":"status-publish","4":"has-post-thumbnail","6":"series-monaco-mooblisari","7":"product_brand-extom","8":"product_cat-voodid-140-x-200","10":"first","11":"instock","12":"taxable","13":"shipping-taxable","14":"purchasable","15":"product-type-variable"},"acf":[],"_links":{"self":[{"href":"https:\/\/mobecor.ee\/en\/wp-json\/wp\/v2\/product\/23362","targetHints":{"allow":["GET"]}}],"collection":[{"href":"https:\/\/mobecor.ee\/en\/wp-json\/wp\/v2\/product"}],"about":[{"href":"https:\/\/mobecor.ee\/en\/wp-json\/wp\/v2\/types\/product"}],"wp:featuredmedia":[{"embeddable":true,"href":"https:\/\/mobecor.ee\/en\/wp-json\/wp\/v2\/media\/6676"}],"wp:attachment":[{"href":"https:\/\/mobecor.ee\/en\/wp-json\/wp\/v2\/media?parent=23362"}],"wp:term":[{"taxonomy":"series","embeddable":true,"href":"https:\/\/mobecor.ee\/en\/wp-json\/wp\/v2\/series?post=23362"},{"taxonomy":"product_brand","embeddable":true,"href":"https:\/\/mobecor.ee\/en\/wp-json\/wp\/v2\/product_brand?post=23362"},{"taxonomy":"product_cat","embeddable":true,"href":"https:\/\/mobecor.ee\/en\/wp-json\/wp\/v2\/product_cat?post=23362"},{"taxonomy":"product_tag","embeddable":true,"href":"https:\/\/mobecor.ee\/en\/wp-json\/wp\/v2\/product_tag?post=23362"}],"curies":[{"name":"wp","href":"https:\/\/api.w.org\/{rel}","templated":true}]}}