{"id":23363,"date":"2025-05-06T05:50:05","date_gmt":"2025-05-06T05:50:05","guid":{"rendered":"https:\/\/mobecor.ee\/?post_type=product&#038;p=23363"},"modified":"2026-02-07T11:51:13","modified_gmt":"2026-02-07T09:51:13","slug":"voodi-monaco-moal-02-160","status":"publish","type":"product","link":"https:\/\/mobecor.ee\/en\/toode\/voodi-monaco-moal-02-160\/","title":{"rendered":"Voodi Monaco MOAL 02 (160*200)"},"content":{"rendered":"<div class=\"classic-editor\">\n<p>Voodile sobib madrats m\u00f5\u00f5tudes 160 * 200 cm.<br \/>\nMadrats ja voodip\u00f5hi ei kuulu komplekti.<br \/>\nLisavalikuna v\u00f5imalik juurde osta p\u00f5hjalipid v\u00f5i mehhanismiga \u00fclest\u00f5stetav voodip\u00f5hi.<br \/>\nMaterjal: kvaliteetne ja vastupidav melamiinkattega laminaat + MDF.<br \/>\nV\u00e4rv: tamm Stirling\/must.<br \/>\nToodetud: Poolas.<br \/>\nToode tarnitakse detailidena.<\/p>\n<\/div>\n","protected":false},"excerpt":{"rendered":"<p>Laius: 165,3 cm.<br \/>\nS\u00fcgavus: 221,7 cm.<br \/>\nK\u00f5rgus: 100,1 cm.<br \/>\nTarneaeg: 4-8 n\u00e4dalat.<\/p>\n","protected":false},"featured_media":6678,"template":"","meta":{"_acf_changed":false,"inline_featured_image":false},"series":[3013],"product_brand":[2939],"product_cat":[4016],"product_tag":[],"class_list":{"0":"post-23363","1":"product","2":"type-product","3":"status-publish","4":"has-post-thumbnail","6":"series-monaco-mooblisari","7":"product_brand-extom","8":"product_cat-voodid-160-x-200","10":"first","11":"instock","12":"taxable","13":"shipping-taxable","14":"purchasable","15":"product-type-variable"},"acf":[],"_links":{"self":[{"href":"https:\/\/mobecor.ee\/en\/wp-json\/wp\/v2\/product\/23363","targetHints":{"allow":["GET"]}}],"collection":[{"href":"https:\/\/mobecor.ee\/en\/wp-json\/wp\/v2\/product"}],"about":[{"href":"https:\/\/mobecor.ee\/en\/wp-json\/wp\/v2\/types\/product"}],"wp:featuredmedia":[{"embeddable":true,"href":"https:\/\/mobecor.ee\/en\/wp-json\/wp\/v2\/media\/6678"}],"wp:attachment":[{"href":"https:\/\/mobecor.ee\/en\/wp-json\/wp\/v2\/media?parent=23363"}],"wp:term":[{"taxonomy":"series","embeddable":true,"href":"https:\/\/mobecor.ee\/en\/wp-json\/wp\/v2\/series?post=23363"},{"taxonomy":"product_brand","embeddable":true,"href":"https:\/\/mobecor.ee\/en\/wp-json\/wp\/v2\/product_brand?post=23363"},{"taxonomy":"product_cat","embeddable":true,"href":"https:\/\/mobecor.ee\/en\/wp-json\/wp\/v2\/product_cat?post=23363"},{"taxonomy":"product_tag","embeddable":true,"href":"https:\/\/mobecor.ee\/en\/wp-json\/wp\/v2\/product_tag?post=23363"}],"curies":[{"name":"wp","href":"https:\/\/api.w.org\/{rel}","templated":true}]}}