{"id":23406,"date":"2025-05-06T05:53:39","date_gmt":"2025-05-06T05:53:39","guid":{"rendered":"https:\/\/mobecor.ee\/?post_type=product&#038;p=23406"},"modified":"2025-10-02T13:19:12","modified_gmt":"2025-10-02T10:19:12","slug":"ookapp-panama-pa42","status":"publish","type":"product","link":"https:\/\/mobecor.ee\/en\/toode\/ookapp-panama-pa42\/","title":{"rendered":"\u00d6\u00f6kapp Panama PA42 (45\/44\/54)"},"content":{"rendered":"<p><span style=\"font-size: 10pt;\">\u00d6\u00f6kapil on 2 sahtlit.<\/span><br \/>\n<span style=\"font-size: 10pt; line-height: 1.3em;\">Materjal: kvaliteetne ja vastupidav melamiinkattega laminaat.<\/span><br \/>\n<span style=\"font-size: 10pt; line-height: 1.3em;\">V\u00e4rvivalik: tamm Soma p\u00e4rl (DSP); tamm Soma tume (DSC); valge k\u00f5rgl\u00e4ikega (BI); valge k\u00f5rgl\u00e4ikega\/tamm Soma tume (BI\/DSC).<\/span><br \/>\n<span style=\"font-size: 10pt; line-height: 1.3em;\">Toodetud: Poolas.<\/span><br \/>\n<span style=\"font-size: 10pt; line-height: 1.3em;\">Toode tarnitakse detailidena.<\/p>\n<p><\/span><\/p>\n","protected":false},"excerpt":{"rendered":"<p><span style=\"font-size: 10pt; line-height: 1.3em;\">Laius: 45 cm.<br \/>\nS\u00fcgavus: 44 cm.<br \/>\nK\u00f5rgus: 54 cm.<br \/>\nTarneaeg: 4-8 n\u00e4dalat.<br \/>\n<span style=\"font-size: 10pt;\"><strong>NB! Laos kohe olemas v\u00e4rv: tamm Soma tume (DSC).<\/strong><\/span><\/span><\/p>\n","protected":false},"featured_media":37586,"template":"","meta":{"_acf_changed":false,"inline_featured_image":false},"series":[2812],"product_brand":[2947],"product_cat":[231,2933],"product_tag":[],"class_list":{"0":"post-23406","1":"product","2":"type-product","3":"status-publish","4":"has-post-thumbnail","6":"series-panama","7":"product_brand-bodzio","8":"product_cat-ookapid","9":"product_cat-ookapid-laos","11":"first","12":"instock","13":"taxable","14":"shipping-taxable","15":"purchasable","16":"product-type-variable"},"acf":[],"_links":{"self":[{"href":"https:\/\/mobecor.ee\/en\/wp-json\/wp\/v2\/product\/23406","targetHints":{"allow":["GET"]}}],"collection":[{"href":"https:\/\/mobecor.ee\/en\/wp-json\/wp\/v2\/product"}],"about":[{"href":"https:\/\/mobecor.ee\/en\/wp-json\/wp\/v2\/types\/product"}],"wp:featuredmedia":[{"embeddable":true,"href":"https:\/\/mobecor.ee\/en\/wp-json\/wp\/v2\/media\/37586"}],"wp:attachment":[{"href":"https:\/\/mobecor.ee\/en\/wp-json\/wp\/v2\/media?parent=23406"}],"wp:term":[{"taxonomy":"series","embeddable":true,"href":"https:\/\/mobecor.ee\/en\/wp-json\/wp\/v2\/series?post=23406"},{"taxonomy":"product_brand","embeddable":true,"href":"https:\/\/mobecor.ee\/en\/wp-json\/wp\/v2\/product_brand?post=23406"},{"taxonomy":"product_cat","embeddable":true,"href":"https:\/\/mobecor.ee\/en\/wp-json\/wp\/v2\/product_cat?post=23406"},{"taxonomy":"product_tag","embeddable":true,"href":"https:\/\/mobecor.ee\/en\/wp-json\/wp\/v2\/product_tag?post=23406"}],"curies":[{"name":"wp","href":"https:\/\/api.w.org\/{rel}","templated":true}]}}