{"id":23431,"date":"2025-05-06T05:55:47","date_gmt":"2025-05-06T05:55:47","guid":{"rendered":"https:\/\/mobecor.ee\/?post_type=product&#038;p=23431"},"modified":"2026-01-20T14:06:53","modified_gmt":"2026-01-20T12:06:53","slug":"voodi-velvet-74-140","status":"publish","type":"product","link":"https:\/\/mobecor.ee\/en\/toode\/voodi-velvet-74-140\/","title":{"rendered":"Voodi Velvet 74 (140*200)"},"content":{"rendered":"<p>Voodi koos \u00fclest\u00f5stetava voodip\u00f5hjaga, mille all on pesukast.<br \/>\nVoodile sobib madrats m\u00f5\u00f5tudes 140 x 200 cm. Madrats ei kuulu komplekti.<br \/>\nVoodil on pehme polsterdatud peats.<br \/>\nMaterjal: naturaalne tammepuit (\u00f5litatud).<br \/>\nV\u00e4rvivalik: tamm rustikal\/Nordic 101 (bee\u017e); tamm rustikal\/Nordic 108 (latte); tamm rustikal\/Nordic 116 (hall).<br \/>\nToodetud: Poolas.<br \/>\nToode tarnitakse detailidena.<span style=\"font-size: 10pt;\"><br \/>\n<\/span><\/p>\n","protected":false},"excerpt":{"rendered":"<p>Laius: 148 cm.<br \/>\nS\u00fcgavus: 215 cm.<br \/>\nK\u00f5rgus: 90 cm.<br \/>\nTarneaeg: 4-8 n\u00e4dalat.<\/p>\n","protected":false},"featured_media":6422,"template":"","meta":{"_acf_changed":false,"inline_featured_image":false},"series":[2848],"product_brand":[2941],"product_cat":[4015],"product_tag":[],"class_list":{"0":"post-23431","1":"product","2":"type-product","3":"status-publish","4":"has-post-thumbnail","6":"series-velvet","7":"product_brand-szynaka","8":"product_cat-voodid-140-x-200","10":"first","11":"instock","12":"taxable","13":"shipping-taxable","14":"purchasable","15":"product-type-simple"},"acf":[],"_links":{"self":[{"href":"https:\/\/mobecor.ee\/en\/wp-json\/wp\/v2\/product\/23431","targetHints":{"allow":["GET"]}}],"collection":[{"href":"https:\/\/mobecor.ee\/en\/wp-json\/wp\/v2\/product"}],"about":[{"href":"https:\/\/mobecor.ee\/en\/wp-json\/wp\/v2\/types\/product"}],"wp:featuredmedia":[{"embeddable":true,"href":"https:\/\/mobecor.ee\/en\/wp-json\/wp\/v2\/media\/6422"}],"wp:attachment":[{"href":"https:\/\/mobecor.ee\/en\/wp-json\/wp\/v2\/media?parent=23431"}],"wp:term":[{"taxonomy":"series","embeddable":true,"href":"https:\/\/mobecor.ee\/en\/wp-json\/wp\/v2\/series?post=23431"},{"taxonomy":"product_brand","embeddable":true,"href":"https:\/\/mobecor.ee\/en\/wp-json\/wp\/v2\/product_brand?post=23431"},{"taxonomy":"product_cat","embeddable":true,"href":"https:\/\/mobecor.ee\/en\/wp-json\/wp\/v2\/product_cat?post=23431"},{"taxonomy":"product_tag","embeddable":true,"href":"https:\/\/mobecor.ee\/en\/wp-json\/wp\/v2\/product_tag?post=23431"}],"curies":[{"name":"wp","href":"https:\/\/api.w.org\/{rel}","templated":true}]}}