{"id":23439,"date":"2025-05-06T05:56:07","date_gmt":"2025-05-06T05:56:07","guid":{"rendered":"https:\/\/mobecor.ee\/?post_type=product&#038;p=23439"},"modified":"2025-09-25T11:27:17","modified_gmt":"2025-09-25T08:27:17","slug":"soogilaud-kama-40","status":"publish","type":"product","link":"https:\/\/mobecor.ee\/en\/toode\/soogilaud-kama-40\/","title":{"rendered":"Pikendatav s\u00f6\u00f6gilaud Kama 40 (90*136\/173\/210)"},"content":{"rendered":"<p><span style=\"font-size: 10pt;\">Pikendatava s\u00f6\u00f6gilaua pealmine plaat on kaetud musta v\u00e4rvi klaasiga.<br \/>\n<\/span><span style=\"font-size: 10pt;\">V\u00e4rv:\u00a0tamm Camargue\/must.<br \/>\n<\/span><span style=\"font-size: 10pt;\">Materjal: kvaliteetne lamineeritud fooliumkattega m\u00f6\u00f6bliplaat + klaas.<br \/>\n<\/span><span style=\"font-size: 10pt;\">Toodetud: Poolas.<br \/>\n<\/span><span style=\"font-size: 10pt;\">Toode tarnitakse\u00a0detailidena.<br \/>\n<\/span><\/p>\n","protected":false},"excerpt":{"rendered":"<p><span style=\"font-size: 10pt;\">Laius: 136\/173\/210 cm.<br \/>\n<\/span><span style=\"font-size: 10pt;\">K\u00f5rgus: 76\u00a0<\/span><span style=\"font-size: 10pt;\">cm.<br \/>\n<\/span><span style=\"font-size: 10pt;\">S\u00fcgavus: 90 cm.<br \/>\n<\/span><span style=\"font-size: 10pt;\">Kaal: 70,5 kg.<br \/>\n<\/span><span style=\"font-size: 10pt;\">Tarneaeg: laos kohe olemas.<\/span><\/p>\n","protected":false},"featured_media":6438,"template":"","meta":{"_acf_changed":false,"inline_featured_image":false},"series":[2763],"product_brand":[2941],"product_cat":[219,2924],"product_tag":[],"class_list":{"0":"post-23439","1":"product","2":"type-product","3":"status-publish","4":"has-post-thumbnail","6":"series-kama","7":"product_brand-szynaka","8":"product_cat-soogilauad","9":"product_cat-soogilauad-ja-toolid-laos","11":"first","12":"instock","13":"taxable","14":"shipping-taxable","15":"purchasable","16":"product-type-simple"},"acf":[],"_links":{"self":[{"href":"https:\/\/mobecor.ee\/en\/wp-json\/wp\/v2\/product\/23439","targetHints":{"allow":["GET"]}}],"collection":[{"href":"https:\/\/mobecor.ee\/en\/wp-json\/wp\/v2\/product"}],"about":[{"href":"https:\/\/mobecor.ee\/en\/wp-json\/wp\/v2\/types\/product"}],"wp:featuredmedia":[{"embeddable":true,"href":"https:\/\/mobecor.ee\/en\/wp-json\/wp\/v2\/media\/6438"}],"wp:attachment":[{"href":"https:\/\/mobecor.ee\/en\/wp-json\/wp\/v2\/media?parent=23439"}],"wp:term":[{"taxonomy":"series","embeddable":true,"href":"https:\/\/mobecor.ee\/en\/wp-json\/wp\/v2\/series?post=23439"},{"taxonomy":"product_brand","embeddable":true,"href":"https:\/\/mobecor.ee\/en\/wp-json\/wp\/v2\/product_brand?post=23439"},{"taxonomy":"product_cat","embeddable":true,"href":"https:\/\/mobecor.ee\/en\/wp-json\/wp\/v2\/product_cat?post=23439"},{"taxonomy":"product_tag","embeddable":true,"href":"https:\/\/mobecor.ee\/en\/wp-json\/wp\/v2\/product_tag?post=23439"}],"curies":[{"name":"wp","href":"https:\/\/api.w.org\/{rel}","templated":true}]}}