{"id":23477,"date":"2025-05-06T06:00:00","date_gmt":"2025-05-06T06:00:00","guid":{"rendered":"https:\/\/mobecor.ee\/?post_type=product&#038;p=23477"},"modified":"2026-03-12T12:14:11","modified_gmt":"2026-03-12T10:14:11","slug":"vedrumadrats-tango-bonell-plus","status":"publish","type":"product","link":"https:\/\/mobecor.ee\/en\/toode\/vedrumadrats-tango-bonell-plus\/","title":{"rendered":"Vedrumadrats Tango Bonell Plus"},"content":{"rendered":"<p>Kahepoolne, keskmise tugevusega madrats, mis p\u00f5hineb Bonnell s\u00fcsteemi vedruplokil.<br \/>\nTugevdatud metallraamiga.<br \/>\nVedrude vaheline vildikiht ja pol\u00fcuretaanvaht annab madratsile k\u00f5vaduse.<br \/>\nVilt kaitseb vahtpol\u00fcuretaani paremini metalli eest.<br \/>\nKate on valmistatud kangast, mis on mitteveniv ja v\u00e4ga vastupidav.<br \/>\nSeda madratsit hindavad kindlasti s\u00e4\u00e4stlikud inimesed, samuti meeldib see inimestele, kellele meeldivad magamiseks k\u00f5vemad pinnad.<br \/>\nSisu:<br \/>\n*\u00a0pol\u00fcuretaanvaht\u00a02 cm.<br \/>\n* vilt.<br \/>\n* bonnell vedru + metallraam.<br \/>\n* vilt.<br \/>\n*\u00a0pol\u00fcuretaanvaht 2 cm.<br \/>\nToodetud: L\u00e4tis.<\/p>\n","protected":false},"excerpt":{"rendered":"<p>K\u00f5rgus:\u00a017 cm.<br \/>\nS\u00fcgavus: 200 cm.<br \/>\nLaiused: 80; 90; 120; 140; 160; 180 cm.<br \/>\nTarneaeg: kuni 4 n\u00e4dalat.<\/p>\n","protected":false},"featured_media":6324,"template":"","meta":{"_acf_changed":false,"inline_featured_image":false},"series":[],"product_brand":[2858],"product_cat":[337],"product_tag":[],"class_list":{"0":"post-23477","1":"product","2":"type-product","3":"status-publish","4":"has-post-thumbnail","6":"product_brand-sendeko","7":"product_cat-sendeko-vedrumadratsid","9":"first","10":"instock","11":"taxable","12":"shipping-taxable","13":"purchasable","14":"product-type-variable"},"acf":[],"_links":{"self":[{"href":"https:\/\/mobecor.ee\/en\/wp-json\/wp\/v2\/product\/23477","targetHints":{"allow":["GET"]}}],"collection":[{"href":"https:\/\/mobecor.ee\/en\/wp-json\/wp\/v2\/product"}],"about":[{"href":"https:\/\/mobecor.ee\/en\/wp-json\/wp\/v2\/types\/product"}],"wp:featuredmedia":[{"embeddable":true,"href":"https:\/\/mobecor.ee\/en\/wp-json\/wp\/v2\/media\/6324"}],"wp:attachment":[{"href":"https:\/\/mobecor.ee\/en\/wp-json\/wp\/v2\/media?parent=23477"}],"wp:term":[{"taxonomy":"series","embeddable":true,"href":"https:\/\/mobecor.ee\/en\/wp-json\/wp\/v2\/series?post=23477"},{"taxonomy":"product_brand","embeddable":true,"href":"https:\/\/mobecor.ee\/en\/wp-json\/wp\/v2\/product_brand?post=23477"},{"taxonomy":"product_cat","embeddable":true,"href":"https:\/\/mobecor.ee\/en\/wp-json\/wp\/v2\/product_cat?post=23477"},{"taxonomy":"product_tag","embeddable":true,"href":"https:\/\/mobecor.ee\/en\/wp-json\/wp\/v2\/product_tag?post=23477"}],"curies":[{"name":"wp","href":"https:\/\/api.w.org\/{rel}","templated":true}]}}