{"id":23480,"date":"2025-05-06T06:00:17","date_gmt":"2025-05-06T06:00:17","guid":{"rendered":"https:\/\/mobecor.ee\/?post_type=product&#038;p=23480"},"modified":"2026-03-10T13:58:21","modified_gmt":"2026-03-10T11:58:21","slug":"kattemadrats-boston-coco","status":"publish","type":"product","link":"https:\/\/mobecor.ee\/en\/toode\/kattemadrats-boston-coco\/","title":{"rendered":"Kattemadrats Boston Coco"},"content":{"rendered":"<p>Tugev\u00a0kattemadrats\u00a0naturaalse kookoskiuga.<br \/>\nKookoskiud\u00a0tagavad suurep\u00e4rase \u00f5huringluse,\u00a0mist\u00f5ttu ei kogune\u00a0kattemadratsi sisse niiskus ning see on kaitstud tolmulestade leviku eest.<br \/>\nKattemadratsi kate on tepitud sinteponiga.<br \/>\nKattemadratsil on nurkades kummid, mis hoiavad kattemadratsit kindlamalt alusmadratsi peal.<br \/>\nSuurep\u00e4rane ost aktiivse ja m\u00f5\u00f5dukalt aktiivse eluviisiga inimesele.<br \/>\nKookose paksus: 2 cm.<br \/>\nToodetud: L\u00e4tis.<\/p>\n","protected":false},"excerpt":{"rendered":"<p>Kattemadratsi paksus: 4 cm.<br \/>\nS\u00fcgavus: 200 cm.<br \/>\nLaiused: 80; 90; 120; 140; 160; 180 cm.<br \/>\nTarneaeg: kuni 4 n\u00e4dalat.<\/p>\n","protected":false},"featured_media":6330,"template":"","meta":{"_acf_changed":false,"inline_featured_image":false},"series":[],"product_brand":[2858],"product_cat":[389],"product_tag":[],"class_list":{"0":"post-23480","1":"product","2":"type-product","3":"status-publish","4":"has-post-thumbnail","6":"product_brand-sendeko","7":"product_cat-sendeko-kattemadratsid","9":"first","10":"instock","11":"taxable","12":"shipping-taxable","13":"purchasable","14":"product-type-variable"},"acf":[],"_links":{"self":[{"href":"https:\/\/mobecor.ee\/en\/wp-json\/wp\/v2\/product\/23480","targetHints":{"allow":["GET"]}}],"collection":[{"href":"https:\/\/mobecor.ee\/en\/wp-json\/wp\/v2\/product"}],"about":[{"href":"https:\/\/mobecor.ee\/en\/wp-json\/wp\/v2\/types\/product"}],"wp:featuredmedia":[{"embeddable":true,"href":"https:\/\/mobecor.ee\/en\/wp-json\/wp\/v2\/media\/6330"}],"wp:attachment":[{"href":"https:\/\/mobecor.ee\/en\/wp-json\/wp\/v2\/media?parent=23480"}],"wp:term":[{"taxonomy":"series","embeddable":true,"href":"https:\/\/mobecor.ee\/en\/wp-json\/wp\/v2\/series?post=23480"},{"taxonomy":"product_brand","embeddable":true,"href":"https:\/\/mobecor.ee\/en\/wp-json\/wp\/v2\/product_brand?post=23480"},{"taxonomy":"product_cat","embeddable":true,"href":"https:\/\/mobecor.ee\/en\/wp-json\/wp\/v2\/product_cat?post=23480"},{"taxonomy":"product_tag","embeddable":true,"href":"https:\/\/mobecor.ee\/en\/wp-json\/wp\/v2\/product_tag?post=23480"}],"curies":[{"name":"wp","href":"https:\/\/api.w.org\/{rel}","templated":true}]}}