{"id":23481,"date":"2025-05-06T06:00:26","date_gmt":"2025-05-06T06:00:26","guid":{"rendered":"https:\/\/mobecor.ee\/?post_type=product&#038;p=23481"},"modified":"2026-03-12T12:12:36","modified_gmt":"2026-03-12T10:12:36","slug":"tornado","status":"publish","type":"product","link":"https:\/\/mobecor.ee\/en\/toode\/tornado\/","title":{"rendered":"Tornado"},"content":{"rendered":"<p>Vedrudeta keskmiselt k\u00f5va madrats, mille sisuks on pol\u00fcuretaanvahtplokk.<br \/>\nMadratsi koostis tagab korraliku n\u00f5tkuse, v\u00f5imaldades kehal v\u00f5tta anatoomiliselt \u00f5iget kehakuju ja olla l\u00f5dvestunud, pakkudes tugi- ja mugavustunnet.<br \/>\nMadratsi elastsus on kasulik lihaste l\u00f5dvestamiseks ja hea vereringe jaoks kogu kehas.<br \/>\nSobib igas vanuses inimestele, kes eelistavad m\u00f5\u00f5dukalt aktiivset elustiili.<br \/>\nToodetud: L\u00e4tis.<\/p>\n<p>&nbsp;<\/p>\n","protected":false},"excerpt":{"rendered":"<p>K\u00f5rgus: 10 cm.<br \/>\nS\u00fcgavus: 200 cm.<br \/>\nLaiused: 80; 90; 120; 140; 160; 180 cm.<br \/>\nTarneaeg: kuni 4 n\u00e4dalat.<\/p>\n","protected":false},"featured_media":6332,"template":"","meta":{"_acf_changed":false,"inline_featured_image":false},"series":[],"product_brand":[2858],"product_cat":[296],"product_tag":[],"class_list":{"0":"post-23481","1":"product","2":"type-product","3":"status-publish","4":"has-post-thumbnail","6":"product_brand-sendeko","7":"product_cat-sendeko-vedruta-madratsid","9":"first","10":"instock","11":"taxable","12":"shipping-taxable","13":"purchasable","14":"product-type-variable"},"acf":[],"_links":{"self":[{"href":"https:\/\/mobecor.ee\/en\/wp-json\/wp\/v2\/product\/23481","targetHints":{"allow":["GET"]}}],"collection":[{"href":"https:\/\/mobecor.ee\/en\/wp-json\/wp\/v2\/product"}],"about":[{"href":"https:\/\/mobecor.ee\/en\/wp-json\/wp\/v2\/types\/product"}],"wp:featuredmedia":[{"embeddable":true,"href":"https:\/\/mobecor.ee\/en\/wp-json\/wp\/v2\/media\/6332"}],"wp:attachment":[{"href":"https:\/\/mobecor.ee\/en\/wp-json\/wp\/v2\/media?parent=23481"}],"wp:term":[{"taxonomy":"series","embeddable":true,"href":"https:\/\/mobecor.ee\/en\/wp-json\/wp\/v2\/series?post=23481"},{"taxonomy":"product_brand","embeddable":true,"href":"https:\/\/mobecor.ee\/en\/wp-json\/wp\/v2\/product_brand?post=23481"},{"taxonomy":"product_cat","embeddable":true,"href":"https:\/\/mobecor.ee\/en\/wp-json\/wp\/v2\/product_cat?post=23481"},{"taxonomy":"product_tag","embeddable":true,"href":"https:\/\/mobecor.ee\/en\/wp-json\/wp\/v2\/product_tag?post=23481"}],"curies":[{"name":"wp","href":"https:\/\/api.w.org\/{rel}","templated":true}]}}