{"id":23483,"date":"2025-05-06T06:00:27","date_gmt":"2025-05-06T06:00:27","guid":{"rendered":"https:\/\/mobecor.ee\/?post_type=product&#038;p=23483"},"modified":"2026-03-12T12:12:28","modified_gmt":"2026-03-12T10:12:28","slug":"katarina","status":"publish","type":"product","link":"https:\/\/mobecor.ee\/en\/toode\/katarina\/","title":{"rendered":"Katarina"},"content":{"rendered":"<p>Vedrudeta keskmiselt\u00a0j\u00e4ik madrats, mis koosneb tugevast pol\u00fcuretaanvahtplokist.<br \/>\nSelline sisu tagab madratsi \u00f5ige n\u00f5tkuse, v\u00f5imaldades kehal v\u00f5tta anatoomiliselt \u00f5iget kehakuju ja l\u00f5\u00f5gastuda, pakkudes tuge ja mugavust.<br \/>\nMadratsi t\u00e4idismaterjal on m\u00f6\u00f6bli poroloon (vahtpol\u00fcuretaan) 120 mm, mis on v\u00e4hen\u00f5udlik, antiallergiline materjal, \u00fcks levinumaid madratsite t\u00f6\u00f6stuses.<br \/>\nSuurep\u00e4rane ost\u00a0s\u00e4\u00e4stlikuimale ostjale!<br \/>\nToodetud: L\u00e4tis.<\/p>\n","protected":false},"excerpt":{"rendered":"<p>Madratsi k\u00f5rgus: 13 cm.<br \/>\nS\u00fcgavus: 200 cm.<br \/>\nLaiused: 80; 90; 120; 140; 160; 180 cm.<br \/>\nTarneaeg: kuni 4 n\u00e4dalat.<\/p>\n","protected":false},"featured_media":6334,"template":"","meta":{"_acf_changed":false,"inline_featured_image":false},"series":[],"product_brand":[2858],"product_cat":[296],"product_tag":[],"class_list":{"0":"post-23483","1":"product","2":"type-product","3":"status-publish","4":"has-post-thumbnail","6":"product_brand-sendeko","7":"product_cat-sendeko-vedruta-madratsid","9":"first","10":"instock","11":"taxable","12":"shipping-taxable","13":"purchasable","14":"product-type-variable"},"acf":[],"_links":{"self":[{"href":"https:\/\/mobecor.ee\/en\/wp-json\/wp\/v2\/product\/23483","targetHints":{"allow":["GET"]}}],"collection":[{"href":"https:\/\/mobecor.ee\/en\/wp-json\/wp\/v2\/product"}],"about":[{"href":"https:\/\/mobecor.ee\/en\/wp-json\/wp\/v2\/types\/product"}],"wp:featuredmedia":[{"embeddable":true,"href":"https:\/\/mobecor.ee\/en\/wp-json\/wp\/v2\/media\/6334"}],"wp:attachment":[{"href":"https:\/\/mobecor.ee\/en\/wp-json\/wp\/v2\/media?parent=23483"}],"wp:term":[{"taxonomy":"series","embeddable":true,"href":"https:\/\/mobecor.ee\/en\/wp-json\/wp\/v2\/series?post=23483"},{"taxonomy":"product_brand","embeddable":true,"href":"https:\/\/mobecor.ee\/en\/wp-json\/wp\/v2\/product_brand?post=23483"},{"taxonomy":"product_cat","embeddable":true,"href":"https:\/\/mobecor.ee\/en\/wp-json\/wp\/v2\/product_cat?post=23483"},{"taxonomy":"product_tag","embeddable":true,"href":"https:\/\/mobecor.ee\/en\/wp-json\/wp\/v2\/product_tag?post=23483"}],"curies":[{"name":"wp","href":"https:\/\/api.w.org\/{rel}","templated":true}]}}