{"id":23486,"date":"2025-05-06T06:00:31","date_gmt":"2025-05-06T06:00:31","guid":{"rendered":"https:\/\/mobecor.ee\/?post_type=product&#038;p=23486"},"modified":"2025-10-06T09:15:50","modified_gmt":"2025-10-06T06:15:50","slug":"riidekapp-szpw-bip-l-240","status":"publish","type":"product","link":"https:\/\/mobecor.ee\/en\/toode\/riidekapp-szpw-bip-l-240\/","title":{"rendered":"Riidekapp SZPW-BIP\/L (100-200\/240)"},"content":{"rendered":"<p><span style=\"font-size: 10pt; line-height: 1.3em;\">Riidekapil on 2 l\u00fckandust.<\/span><br \/>\n<span style=\"font-size: 10pt; line-height: 1.3em;\">Uste taga on pesuriiulid ja riidepuutoru.<\/span><br \/>\n<span style=\"font-size: 10pt; line-height: 1.3em;\">Materjal: kvaliteetne ja vastupidav melamiinkattega laminaat.<\/span><br \/>\n<span style=\"font-size: 10pt; line-height: 1.3em;\">V\u00e4rv: korpus &#8211; valge, esipinnad &#8211; valge k\u00f5rgl\u00e4ikega + peegel.<\/span><br \/>\n<span style=\"font-size: 10pt; line-height: 1.3em;\">Toodetud: Poolas.<\/span><br \/>\n<span style=\"font-size: 10pt; line-height: 1.3em;\">Toode tarnitakse detailidena.<\/p>\n<p><\/span><\/p>\n","protected":false},"excerpt":{"rendered":"<p><span style=\"font-size: 10pt; line-height: 1.3em;\">Laius: 120 cm; 150 cm; 180 cm; 200 cm.<br \/>\nK\u00f5rgus: 240 cm.<br \/>\nS\u00fcgavus: 60 cm.<br \/>\n<\/span><span style=\"font-size: 10pt; line-height: 1.3em;\">Tarneaeg: 4-8 n\u00e4dalat.<br \/>\n<\/span><\/p>\n","protected":false},"featured_media":6340,"template":"","meta":{"_acf_changed":false,"inline_featured_image":false},"series":[],"product_brand":[2947],"product_cat":[325],"product_tag":[],"class_list":{"0":"post-23486","1":"product","2":"type-product","3":"status-publish","4":"has-post-thumbnail","6":"product_brand-bodzio","7":"product_cat-lukandustega-kapid","9":"first","10":"instock","11":"sale","12":"taxable","13":"shipping-taxable","14":"purchasable","15":"product-type-variable"},"acf":[],"_links":{"self":[{"href":"https:\/\/mobecor.ee\/en\/wp-json\/wp\/v2\/product\/23486","targetHints":{"allow":["GET"]}}],"collection":[{"href":"https:\/\/mobecor.ee\/en\/wp-json\/wp\/v2\/product"}],"about":[{"href":"https:\/\/mobecor.ee\/en\/wp-json\/wp\/v2\/types\/product"}],"wp:featuredmedia":[{"embeddable":true,"href":"https:\/\/mobecor.ee\/en\/wp-json\/wp\/v2\/media\/6340"}],"wp:attachment":[{"href":"https:\/\/mobecor.ee\/en\/wp-json\/wp\/v2\/media?parent=23486"}],"wp:term":[{"taxonomy":"series","embeddable":true,"href":"https:\/\/mobecor.ee\/en\/wp-json\/wp\/v2\/series?post=23486"},{"taxonomy":"product_brand","embeddable":true,"href":"https:\/\/mobecor.ee\/en\/wp-json\/wp\/v2\/product_brand?post=23486"},{"taxonomy":"product_cat","embeddable":true,"href":"https:\/\/mobecor.ee\/en\/wp-json\/wp\/v2\/product_cat?post=23486"},{"taxonomy":"product_tag","embeddable":true,"href":"https:\/\/mobecor.ee\/en\/wp-json\/wp\/v2\/product_tag?post=23486"}],"curies":[{"name":"wp","href":"https:\/\/api.w.org\/{rel}","templated":true}]}}