{"id":23625,"date":"2025-05-06T06:11:30","date_gmt":"2025-05-06T06:11:30","guid":{"rendered":"https:\/\/mobecor.ee\/?post_type=product&#038;p=23625"},"modified":"2026-02-11T10:42:48","modified_gmt":"2026-02-11T08:42:48","slug":"tootool-stilo","status":"publish","type":"product","link":"https:\/\/mobecor.ee\/en\/toode\/tootool-stilo\/","title":{"rendered":"T\u00f6\u00f6tool Stilo"},"content":{"rendered":"<p>Toolil on reguleeritava k\u00f5rgusega iste.<br \/>\nIste on kaetud\u00a0eko-nahaga.<br \/>\nV\u00e4rvivalik: vanilje; must; hall; pruun.<br \/>\nK\u00e4etoed: reguleeritavad.<br \/>\nMehhanism: Tilt.<br \/>\nToodetud: Poolas.<br \/>\n<span style=\"font-size: 10pt;\"><br \/>\n<\/span><\/p>\n","protected":false},"excerpt":{"rendered":"<p>Laius: 66 cm.<br \/>\nS\u00fcgavus: 49 cm.<br \/>\nK\u00f5rgus: 116-125 cm.<br \/>\nIstumisk\u00f5rgus:\u00a045-54 cm.<br \/>\nTarneaeg: 4-8 n\u00e4dalat.<\/p>\n","protected":false},"featured_media":6070,"template":"","meta":{"_acf_changed":false,"inline_featured_image":false},"series":[],"product_brand":[2942],"product_cat":[95],"product_tag":[],"class_list":{"0":"post-23625","1":"product","2":"type-product","3":"status-publish","4":"has-post-thumbnail","6":"product_brand-halmar","7":"product_cat-tootoolid","9":"first","10":"instock","11":"taxable","12":"shipping-taxable","13":"purchasable","14":"product-type-variable"},"acf":[],"_links":{"self":[{"href":"https:\/\/mobecor.ee\/en\/wp-json\/wp\/v2\/product\/23625","targetHints":{"allow":["GET"]}}],"collection":[{"href":"https:\/\/mobecor.ee\/en\/wp-json\/wp\/v2\/product"}],"about":[{"href":"https:\/\/mobecor.ee\/en\/wp-json\/wp\/v2\/types\/product"}],"wp:featuredmedia":[{"embeddable":true,"href":"https:\/\/mobecor.ee\/en\/wp-json\/wp\/v2\/media\/6070"}],"wp:attachment":[{"href":"https:\/\/mobecor.ee\/en\/wp-json\/wp\/v2\/media?parent=23625"}],"wp:term":[{"taxonomy":"series","embeddable":true,"href":"https:\/\/mobecor.ee\/en\/wp-json\/wp\/v2\/series?post=23625"},{"taxonomy":"product_brand","embeddable":true,"href":"https:\/\/mobecor.ee\/en\/wp-json\/wp\/v2\/product_brand?post=23625"},{"taxonomy":"product_cat","embeddable":true,"href":"https:\/\/mobecor.ee\/en\/wp-json\/wp\/v2\/product_cat?post=23625"},{"taxonomy":"product_tag","embeddable":true,"href":"https:\/\/mobecor.ee\/en\/wp-json\/wp\/v2\/product_tag?post=23625"}],"curies":[{"name":"wp","href":"https:\/\/api.w.org\/{rel}","templated":true}]}}