{"id":23631,"date":"2025-05-06T06:11:48","date_gmt":"2025-05-06T06:11:48","guid":{"rendered":"https:\/\/mobecor.ee\/?post_type=product&#038;p=23631"},"modified":"2025-08-07T14:18:04","modified_gmt":"2025-08-07T11:18:04","slug":"top-hygienic-madratsikaitse-1","status":"publish","type":"product","link":"https:\/\/mobecor.ee\/en\/toode\/top-hygienic-madratsikaitse-1\/","title":{"rendered":"TOP Hygienic madratsikaitse"},"content":{"rendered":"<p><span style=\"font-size: 10pt;\">Katte nurkades on kummipaelad, millega saab katte kinnitada alusmadratsi peale.<br \/>\n<\/span><span style=\"font-size: 10pt;\">Heledast stetch- kangast madratsikate on pestav kuni 40-kraadises vees.<br \/>\n<\/span><span style=\"font-size: 10pt;\">Kangas ja vatiin vastavad rahvusvahelisele <em>\u00d6ko-Tex<\/em> 100 standardile.<br \/>\n<\/span><span style=\"font-size: 10pt;\">Toodetud Eestis.<br \/>\n<\/span><span style=\"font-size: 10pt;\">V\u00f5imalik on tellida ka erim\u00f5\u00f5dus tooteid.<\/span><\/p>\n","protected":false},"excerpt":{"rendered":"<p><span style=\"font-size: 10pt;\">Lihtne tepitud kattetekk, mis on m\u00f5eldud eelk\u00f5ige alusmadratsi kaitseks m\u00e4\u00e4rdumise eest.<br \/>\nSaadaval on m\u00f5\u00f5dud 80*200, 90*200, 120*200, 140*200, 160*200, 180*200 cm.<br \/>\nToote k\u00f5rgus 1 cm.<br \/>\nTarneaeg: 2 kuni 4 n\u00e4dalat.<\/span><\/p>\n","protected":false},"featured_media":6082,"template":"","meta":{"_acf_changed":false,"inline_featured_image":false},"series":[],"product_brand":[2859],"product_cat":[335,398],"product_tag":[],"class_list":{"0":"post-23631","1":"product","2":"type-product","3":"status-publish","4":"has-post-thumbnail","6":"product_brand-sleepwell","7":"product_cat-kattemadratsid-1","8":"product_cat-sleepwell-madratsi-ja-padjakaitsed","10":"first","11":"instock","12":"taxable","13":"shipping-taxable","14":"purchasable","15":"product-type-variable"},"acf":[],"_links":{"self":[{"href":"https:\/\/mobecor.ee\/en\/wp-json\/wp\/v2\/product\/23631","targetHints":{"allow":["GET"]}}],"collection":[{"href":"https:\/\/mobecor.ee\/en\/wp-json\/wp\/v2\/product"}],"about":[{"href":"https:\/\/mobecor.ee\/en\/wp-json\/wp\/v2\/types\/product"}],"wp:featuredmedia":[{"embeddable":true,"href":"https:\/\/mobecor.ee\/en\/wp-json\/wp\/v2\/media\/6082"}],"wp:attachment":[{"href":"https:\/\/mobecor.ee\/en\/wp-json\/wp\/v2\/media?parent=23631"}],"wp:term":[{"taxonomy":"series","embeddable":true,"href":"https:\/\/mobecor.ee\/en\/wp-json\/wp\/v2\/series?post=23631"},{"taxonomy":"product_brand","embeddable":true,"href":"https:\/\/mobecor.ee\/en\/wp-json\/wp\/v2\/product_brand?post=23631"},{"taxonomy":"product_cat","embeddable":true,"href":"https:\/\/mobecor.ee\/en\/wp-json\/wp\/v2\/product_cat?post=23631"},{"taxonomy":"product_tag","embeddable":true,"href":"https:\/\/mobecor.ee\/en\/wp-json\/wp\/v2\/product_tag?post=23631"}],"curies":[{"name":"wp","href":"https:\/\/api.w.org\/{rel}","templated":true}]}}