{"id":23717,"date":"2025-05-06T06:19:09","date_gmt":"2025-05-06T06:19:09","guid":{"rendered":"https:\/\/mobecor.ee\/?post_type=product&#038;p=23717"},"modified":"2025-12-10T09:23:15","modified_gmt":"2025-12-10T07:23:15","slug":"korge-kapp-tiffany-t27-d60sp","status":"publish","type":"product","link":"https:\/\/mobecor.ee\/en\/toode\/korge-kapp-tiffany-t27-d60sp\/","title":{"rendered":"K\u00f5rge kapp Tiffany T27\/D60SP"},"content":{"rendered":"<p><span style=\"font-size: 10pt;\">Kapil on\u00a02 ust ja ava integreeritava ahju jaoks.<br \/>\nKorpus:\u00a0lamineeritud puitlaastplaat, 16 mm.<br \/>\nKorpuse v\u00e4rv: valge.<br \/>\nEsipind: MDF 16 mm, kaetud PVC fooliumiga.<br \/>\nEsipinna v\u00e4rvivalik: l\u00e4ikiv valge; l\u00e4ikiv hall.<br \/>\nSiseriiulid: lamineeritud puitlaastplaadist, 16 mm.<br \/>\nK\u00e4epidemed: metallist.<br \/>\nUstel on vaikselt sulguvad hinged.<br \/>\nJalad: reguleeritavad plastikjalad.<br \/>\nSokkel ei kuulu hinna sisse. V\u00f5imalik soovi korral osta\u00a0<a href=\"https:\/\/mobecor.ee\/toode\/kuljesokkel-tiffany-12361\/\" target=\"_blank\" rel=\"noopener\">SOKKEL\u00a0<\/a>v\u00f5i\u00a0<a href=\"https:\/\/mobecor.ee\/toode\/kuljesokkel-tiffany\/\" target=\"_blank\" rel=\"noopener\">K\u00dcLJESOKKEL<\/a>.<br \/>\n<\/span><span style=\"font-size: 10pt;\">Toodetud: Poolas.<\/span><\/p>\n","protected":false},"excerpt":{"rendered":"<p><span style=\"font-size: 10pt;\">Laius: 60 cm.<\/span><br \/>\n<span style=\"font-size: 10pt;\">S\u00fcgavus: 58 cm.<\/span><br \/>\n<span style=\"font-size: 10pt;\">K\u00f5rgus: 214 cm.<br \/>\nTarneaeg: 4-8 n\u00e4dalat.<\/span><\/p>\n","protected":false},"featured_media":5862,"template":"","meta":{"_acf_changed":false,"inline_featured_image":false},"series":[],"product_brand":[2945],"product_cat":[234],"product_tag":[],"class_list":{"0":"post-23717","1":"product","2":"type-product","3":"status-publish","4":"has-post-thumbnail","6":"product_brand-liveo","7":"product_cat-tiffany-korged","9":"first","10":"instock","11":"taxable","12":"shipping-taxable","13":"purchasable","14":"product-type-variable"},"acf":[],"_links":{"self":[{"href":"https:\/\/mobecor.ee\/en\/wp-json\/wp\/v2\/product\/23717","targetHints":{"allow":["GET"]}}],"collection":[{"href":"https:\/\/mobecor.ee\/en\/wp-json\/wp\/v2\/product"}],"about":[{"href":"https:\/\/mobecor.ee\/en\/wp-json\/wp\/v2\/types\/product"}],"wp:featuredmedia":[{"embeddable":true,"href":"https:\/\/mobecor.ee\/en\/wp-json\/wp\/v2\/media\/5862"}],"wp:attachment":[{"href":"https:\/\/mobecor.ee\/en\/wp-json\/wp\/v2\/media?parent=23717"}],"wp:term":[{"taxonomy":"series","embeddable":true,"href":"https:\/\/mobecor.ee\/en\/wp-json\/wp\/v2\/series?post=23717"},{"taxonomy":"product_brand","embeddable":true,"href":"https:\/\/mobecor.ee\/en\/wp-json\/wp\/v2\/product_brand?post=23717"},{"taxonomy":"product_cat","embeddable":true,"href":"https:\/\/mobecor.ee\/en\/wp-json\/wp\/v2\/product_cat?post=23717"},{"taxonomy":"product_tag","embeddable":true,"href":"https:\/\/mobecor.ee\/en\/wp-json\/wp\/v2\/product_tag?post=23717"}],"curies":[{"name":"wp","href":"https:\/\/api.w.org\/{rel}","templated":true}]}}