{"id":23718,"date":"2025-05-06T06:19:15","date_gmt":"2025-05-06T06:19:15","guid":{"rendered":"https:\/\/mobecor.ee\/?post_type=product&#038;p=23718"},"modified":"2025-12-10T09:22:34","modified_gmt":"2025-12-10T07:22:34","slug":"noudepesumasina-uks-tiffany-t29-60","status":"publish","type":"product","link":"https:\/\/mobecor.ee\/en\/toode\/noudepesumasina-uks-tiffany-t29-60\/","title":{"rendered":"N\u00f5udepesumasina uks Tiffany T29 (60)"},"content":{"rendered":"<p><span style=\"font-size: 10pt;\">Uks integreeritavale n\u00f5udepesumasinale.<\/span><br \/>\n<span style=\"font-size: 10pt;\">Materjal: MDF 16 mm, kaetud PVC fooliumiga.<\/span><br \/>\n<span style=\"font-size: 10pt;\">V\u00e4rvivalik: l\u00e4ikiv valge; l\u00e4ikiv hall.<\/span><br \/>\n<span style=\"font-size: 10pt;\">K\u00e4epide: metallist.<br \/>\nSokkel ei kuulu hinna sisse. V\u00f5imalik soovi korral osta\u00a0<a href=\"https:\/\/mobecor.ee\/toode\/kuljesokkel-tiffany-12361\/\" target=\"_blank\" rel=\"noopener\">SOKKEL\u00a0<\/a>v\u00f5i\u00a0<a href=\"https:\/\/mobecor.ee\/toode\/kuljesokkel-tiffany\/\" target=\"_blank\" rel=\"noopener\">K\u00dcLJESOKKEL<\/a>.<\/span><br \/>\n<span style=\"font-size: 10pt;\">Toodetud: Poolas.<\/span><span style=\"font-size: 10pt;\"><br \/>\n<\/span><\/p>\n","protected":false},"excerpt":{"rendered":"<p><span style=\"font-size: 10pt;\">Ukse laius:\u00a059,6 cm.<\/span><br \/>\n<span style=\"font-size: 10pt;\">Ukse k\u00f5rgus:\u00a071,3 cm.<br \/>\nTarneaeg: 4-8 n\u00e4dalat.<\/span><\/p>\n","protected":false},"featured_media":5864,"template":"","meta":{"_acf_changed":false,"inline_featured_image":false},"series":[],"product_brand":[2945],"product_cat":[235],"product_tag":[],"class_list":{"0":"post-23718","1":"product","2":"type-product","3":"status-publish","4":"has-post-thumbnail","6":"product_brand-liveo","7":"product_cat-tiffany-porandakapid","9":"first","10":"instock","11":"taxable","12":"shipping-taxable","13":"purchasable","14":"product-type-variable"},"acf":[],"_links":{"self":[{"href":"https:\/\/mobecor.ee\/en\/wp-json\/wp\/v2\/product\/23718","targetHints":{"allow":["GET"]}}],"collection":[{"href":"https:\/\/mobecor.ee\/en\/wp-json\/wp\/v2\/product"}],"about":[{"href":"https:\/\/mobecor.ee\/en\/wp-json\/wp\/v2\/types\/product"}],"wp:featuredmedia":[{"embeddable":true,"href":"https:\/\/mobecor.ee\/en\/wp-json\/wp\/v2\/media\/5864"}],"wp:attachment":[{"href":"https:\/\/mobecor.ee\/en\/wp-json\/wp\/v2\/media?parent=23718"}],"wp:term":[{"taxonomy":"series","embeddable":true,"href":"https:\/\/mobecor.ee\/en\/wp-json\/wp\/v2\/series?post=23718"},{"taxonomy":"product_brand","embeddable":true,"href":"https:\/\/mobecor.ee\/en\/wp-json\/wp\/v2\/product_brand?post=23718"},{"taxonomy":"product_cat","embeddable":true,"href":"https:\/\/mobecor.ee\/en\/wp-json\/wp\/v2\/product_cat?post=23718"},{"taxonomy":"product_tag","embeddable":true,"href":"https:\/\/mobecor.ee\/en\/wp-json\/wp\/v2\/product_tag?post=23718"}],"curies":[{"name":"wp","href":"https:\/\/api.w.org\/{rel}","templated":true}]}}