{"id":23721,"date":"2025-05-06T06:19:40","date_gmt":"2025-05-06T06:19:40","guid":{"rendered":"https:\/\/mobecor.ee\/?post_type=product&#038;p=23721"},"modified":"2026-02-13T10:20:25","modified_gmt":"2026-02-13T08:20:25","slug":"koogikomplekt-tiffany-20","status":"publish","type":"product","link":"https:\/\/mobecor.ee\/en\/toode\/koogikomplekt-tiffany-20\/","title":{"rendered":"K\u00f6\u00f6gikomplekt Tiffany 2,0"},"content":{"rendered":"<p>Komplekti kuulub:<br \/>\n* 3 seinakappi (80 cm; 40 cm; 80 cm);<br \/>\n* 3 p\u00f5randakappi (80 cm valamukapp; 40 cm; 80 cm);<br \/>\n* 2 t\u00f6\u00f6pinda (40 cm; 80 cm).<br \/>\nKorpus:\u00a0lamineeritud puitlaastplaat, 16 mm.<br \/>\nKorpuse v\u00e4rv: valge.<br \/>\nEsipind: MDF 16 mm, kaetud PVC fooliumiga.<br \/>\nEsipinna v\u00e4rvivalik: l\u00e4ikiv valge; l\u00e4ikiv hall.<br \/>\nSiseriiulid: lamineeritud puitlaastplaadist, 16 mm.<br \/>\nK\u00e4epidemed: metallist.<br \/>\nUstel ja sahtlitel on vaikselt sulguvad hinged.<br \/>\nJalad: reguleeritavad plastikjalad.<br \/>\nSokkel: lamineeritud puitlaastplaat, 16 mm.<br \/>\nSokkel ei kuulu hinna sisse. V\u00f5imalik soovi korral lisavalikuna osta.<br \/>\nSokli v\u00e4rvivalik: valge; tamm kuldne.<br \/>\nT\u00f6\u00f6pinna paksus: 28 mm.<br \/>\nToodetud: Poolas.<\/p>\n","protected":false},"excerpt":{"rendered":"<p>Laius:\u00a0200 cm.<br \/>\nS\u00fcgavus: 52 cm.<br \/>\nK\u00f5rgus: 82 cm.<br \/>\nTarneaeg: 4-8 n\u00e4dalat.<\/p>\n","protected":false},"featured_media":5870,"template":"","meta":{"_acf_changed":false,"inline_featured_image":false},"series":[],"product_brand":[2945],"product_cat":[196,2907],"product_tag":[],"class_list":{"0":"post-23721","1":"product","2":"type-product","3":"status-publish","4":"has-post-thumbnail","6":"product_brand-liveo","7":"product_cat-koogikomplektid","8":"product_cat-tiffany-komplektid","10":"first","11":"instock","12":"taxable","13":"shipping-taxable","14":"purchasable","15":"product-type-variable"},"acf":[],"_links":{"self":[{"href":"https:\/\/mobecor.ee\/en\/wp-json\/wp\/v2\/product\/23721","targetHints":{"allow":["GET"]}}],"collection":[{"href":"https:\/\/mobecor.ee\/en\/wp-json\/wp\/v2\/product"}],"about":[{"href":"https:\/\/mobecor.ee\/en\/wp-json\/wp\/v2\/types\/product"}],"wp:featuredmedia":[{"embeddable":true,"href":"https:\/\/mobecor.ee\/en\/wp-json\/wp\/v2\/media\/5870"}],"wp:attachment":[{"href":"https:\/\/mobecor.ee\/en\/wp-json\/wp\/v2\/media?parent=23721"}],"wp:term":[{"taxonomy":"series","embeddable":true,"href":"https:\/\/mobecor.ee\/en\/wp-json\/wp\/v2\/series?post=23721"},{"taxonomy":"product_brand","embeddable":true,"href":"https:\/\/mobecor.ee\/en\/wp-json\/wp\/v2\/product_brand?post=23721"},{"taxonomy":"product_cat","embeddable":true,"href":"https:\/\/mobecor.ee\/en\/wp-json\/wp\/v2\/product_cat?post=23721"},{"taxonomy":"product_tag","embeddable":true,"href":"https:\/\/mobecor.ee\/en\/wp-json\/wp\/v2\/product_tag?post=23721"}],"curies":[{"name":"wp","href":"https:\/\/api.w.org\/{rel}","templated":true}]}}