{"id":23779,"date":"2025-05-06T06:23:01","date_gmt":"2025-05-06T06:23:01","guid":{"rendered":"https:\/\/mobecor.ee\/?post_type=product&#038;p=23779"},"modified":"2025-10-02T09:42:19","modified_gmt":"2025-10-02T06:42:19","slug":"riidekapp-panama-pa04","status":"publish","type":"product","link":"https:\/\/mobecor.ee\/en\/toode\/riidekapp-panama-pa04\/","title":{"rendered":"Riidekapp Panama PA04 (50\/52,5\/190)"},"content":{"rendered":"<p><span style=\"font-size: 10pt;\">Riidekapil on 1 uks. Ukse taga on m\u00fctsiriiul ja riidepuutoru.<\/span><br \/>\n<span style=\"font-size: 10pt;\">V\u00f5imalik valida ukse avanemise poolt paremale v\u00f5i vasakule.<\/span><br \/>\n<span style=\"line-height: 1.3em; font-size: 10pt;\">Materjal: kvaliteetne ja vastupidav melamiinkattega laminaat.<\/span><br \/>\n<span style=\"font-size: 10pt;\">V\u00e4rvivalik: tamm Soma tume (DSC); valge k\u00f5rgl\u00e4ikega (BI); valge k\u00f5rgl\u00e4ikega\/tamm Soma tume (BI\/DSC).<\/span><br \/>\n<span style=\"line-height: 1.3em; font-size: 10pt;\">Toodetud: Poolas.<\/span><br \/>\n<span style=\"line-height: 1.3em; font-size: 10pt;\">Toode tarnitakse detailidena.<\/p>\n<p><\/span><\/p>\n","protected":false},"excerpt":{"rendered":"<p><span style=\"line-height: 1.3em; font-size: 10pt;\">Laius: 50 cm.<br \/>\nK\u00f5rgus: 190 cm.<br \/>\nS\u00fcgavus: 52,5 cm.<br \/>\n<\/span><span style=\"line-height: 1.3em; font-size: 10pt;\">Tarneaeg: 4-8 n\u00e4dalat.<\/span><\/p>\n","protected":false},"featured_media":79740,"template":"","meta":{"_acf_changed":false,"inline_featured_image":false},"series":[2812],"product_brand":[2947],"product_cat":[326],"product_tag":[],"class_list":{"0":"post-23779","1":"product","2":"type-product","3":"status-publish","4":"has-post-thumbnail","6":"series-panama","7":"product_brand-bodzio","8":"product_cat-1-uksega-kapid","10":"first","11":"instock","12":"taxable","13":"shipping-taxable","14":"purchasable","15":"product-type-variable"},"acf":[],"_links":{"self":[{"href":"https:\/\/mobecor.ee\/en\/wp-json\/wp\/v2\/product\/23779","targetHints":{"allow":["GET"]}}],"collection":[{"href":"https:\/\/mobecor.ee\/en\/wp-json\/wp\/v2\/product"}],"about":[{"href":"https:\/\/mobecor.ee\/en\/wp-json\/wp\/v2\/types\/product"}],"wp:featuredmedia":[{"embeddable":true,"href":"https:\/\/mobecor.ee\/en\/wp-json\/wp\/v2\/media\/79740"}],"wp:attachment":[{"href":"https:\/\/mobecor.ee\/en\/wp-json\/wp\/v2\/media?parent=23779"}],"wp:term":[{"taxonomy":"series","embeddable":true,"href":"https:\/\/mobecor.ee\/en\/wp-json\/wp\/v2\/series?post=23779"},{"taxonomy":"product_brand","embeddable":true,"href":"https:\/\/mobecor.ee\/en\/wp-json\/wp\/v2\/product_brand?post=23779"},{"taxonomy":"product_cat","embeddable":true,"href":"https:\/\/mobecor.ee\/en\/wp-json\/wp\/v2\/product_cat?post=23779"},{"taxonomy":"product_tag","embeddable":true,"href":"https:\/\/mobecor.ee\/en\/wp-json\/wp\/v2\/product_tag?post=23779"}],"curies":[{"name":"wp","href":"https:\/\/api.w.org\/{rel}","templated":true}]}}