{"id":23783,"date":"2025-05-06T06:23:15","date_gmt":"2025-05-06T06:23:15","guid":{"rendered":"https:\/\/mobecor.ee\/?post_type=product&#038;p=23783"},"modified":"2025-10-02T08:42:44","modified_gmt":"2025-10-02T05:42:44","slug":"kummut-panama-pa11","status":"publish","type":"product","link":"https:\/\/mobecor.ee\/en\/toode\/kummut-panama-pa11\/","title":{"rendered":"Kummut Panama PA11 (90\/43\/84,5)"},"content":{"rendered":"<p><span style=\"font-size: 10pt;\">Kummutil on 4 sahtlit.<\/span><br \/>\n<span style=\"line-height: 1.3em; font-size: 10pt;\">Materjal: kvaliteetne ja vastupidav melamiinkattega laminaat.<\/span><br \/>\n<span style=\"font-size: 10pt;\">V\u00e4rvivalik: tamm Soma p\u00e4rl (DSP); tamm Soma tume (DSC); valge k\u00f5rgl\u00e4ikega (BI); valge k\u00f5rgl\u00e4ikega\/tamm Soma tume (BI\/DSC).<\/span><br \/>\n<span style=\"line-height: 1.3em; font-size: 10pt;\">Toodetud: Poolas.<\/span><br \/>\n<span style=\"line-height: 1.3em; font-size: 10pt;\">Toode tarnitakse detailidena.<\/p>\n<p><\/span><\/p>\n","protected":false},"excerpt":{"rendered":"<p><span style=\"line-height: 1.3em; font-size: 10pt;\">Laius: 90 cm.<br \/>\nS\u00fcgavus: 43 cm.<br \/>\nK\u00f5rgus: 84,5 cm.<br \/>\nTarneaeg: 4-8 n\u00e4dalat.<\/span><br \/>\n<span style=\"font-size: 10pt;\">NB! Laos kohe olemas v\u00e4rvid: tamm soma tume (DSC), tamm soma p\u00e4rl (DSP)\u00a0<\/span><\/p>\n","protected":false},"featured_media":5800,"template":"","meta":{"_acf_changed":false,"inline_featured_image":false},"series":[2812],"product_brand":[2947],"product_cat":[36,2928],"product_tag":[],"class_list":{"0":"post-23783","1":"product","2":"type-product","3":"status-publish","4":"has-post-thumbnail","6":"series-panama","7":"product_brand-bodzio","8":"product_cat-kummutid","9":"product_cat-kummutid-ja-kapid-laos","11":"first","12":"instock","13":"taxable","14":"shipping-taxable","15":"purchasable","16":"product-type-variable"},"acf":[],"_links":{"self":[{"href":"https:\/\/mobecor.ee\/en\/wp-json\/wp\/v2\/product\/23783","targetHints":{"allow":["GET"]}}],"collection":[{"href":"https:\/\/mobecor.ee\/en\/wp-json\/wp\/v2\/product"}],"about":[{"href":"https:\/\/mobecor.ee\/en\/wp-json\/wp\/v2\/types\/product"}],"wp:featuredmedia":[{"embeddable":true,"href":"https:\/\/mobecor.ee\/en\/wp-json\/wp\/v2\/media\/5800"}],"wp:attachment":[{"href":"https:\/\/mobecor.ee\/en\/wp-json\/wp\/v2\/media?parent=23783"}],"wp:term":[{"taxonomy":"series","embeddable":true,"href":"https:\/\/mobecor.ee\/en\/wp-json\/wp\/v2\/series?post=23783"},{"taxonomy":"product_brand","embeddable":true,"href":"https:\/\/mobecor.ee\/en\/wp-json\/wp\/v2\/product_brand?post=23783"},{"taxonomy":"product_cat","embeddable":true,"href":"https:\/\/mobecor.ee\/en\/wp-json\/wp\/v2\/product_cat?post=23783"},{"taxonomy":"product_tag","embeddable":true,"href":"https:\/\/mobecor.ee\/en\/wp-json\/wp\/v2\/product_tag?post=23783"}],"curies":[{"name":"wp","href":"https:\/\/api.w.org\/{rel}","templated":true}]}}