{"id":23793,"date":"2025-05-06T06:24:06","date_gmt":"2025-05-06T06:24:06","guid":{"rendered":"https:\/\/mobecor.ee\/?post_type=product&#038;p=23793"},"modified":"2025-10-17T10:51:24","modified_gmt":"2025-10-17T07:51:24","slug":"seinakapp-tiffany-t6-g50o","status":"publish","type":"product","link":"https:\/\/mobecor.ee\/en\/toode\/seinakapp-tiffany-t6-g50o\/","title":{"rendered":"Seinakapp Tiffany T6\/G50o"},"content":{"rendered":"<p><span style=\"font-size: 10pt;\">Seinakapil on 1 uks, mis avaneb \u00fcles.<\/span><br \/>\n<span style=\"font-size: 10pt;\">Korpus:\u00a0lamineeritud puitlaastplaat, 16 mm.<\/span><br \/>\n<span style=\"font-size: 10pt;\">Korpuse v\u00e4rv: valge.<\/span><br \/>\n<span style=\"font-size: 10pt;\">Esipind: MDF 16 mm, kaetud PVC fooliumiga.<\/span><br \/>\n<span style=\"font-size: 10pt;\">Esipinna v\u00e4rvivalik: l\u00e4ikiv valge; l\u00e4ikiv hall.<\/span><br \/>\n<span style=\"font-size: 10pt;\">K\u00e4epide: metallist.<\/span><br \/>\n<span style=\"font-size: 10pt;\">Toodetud: Poolas.<\/span><span style=\"font-size: 10pt;\"><br \/>\n<\/span><\/p>\n","protected":false},"excerpt":{"rendered":"<p><span style=\"font-size: 10pt;\">Laius: 50 cm.<\/span><br \/>\n<span style=\"font-size: 10pt;\">S\u00fcgavus: 30 cm.<\/span><br \/>\n<span style=\"font-size: 10pt;\">K\u00f5rgus: 36 cm.<br \/>\nTarneaeg: 4-8 n\u00e4dalat.<\/span><\/p>\n","protected":false},"featured_media":5820,"template":"","meta":{"_acf_changed":false,"inline_featured_image":false},"series":[],"product_brand":[2945],"product_cat":[236],"product_tag":[],"class_list":{"0":"post-23793","1":"product","2":"type-product","3":"status-publish","4":"has-post-thumbnail","6":"product_brand-liveo","7":"product_cat-tiffany-seinakapid","9":"first","10":"instock","11":"taxable","12":"shipping-taxable","13":"purchasable","14":"product-type-variable"},"acf":[],"_links":{"self":[{"href":"https:\/\/mobecor.ee\/en\/wp-json\/wp\/v2\/product\/23793","targetHints":{"allow":["GET"]}}],"collection":[{"href":"https:\/\/mobecor.ee\/en\/wp-json\/wp\/v2\/product"}],"about":[{"href":"https:\/\/mobecor.ee\/en\/wp-json\/wp\/v2\/types\/product"}],"wp:featuredmedia":[{"embeddable":true,"href":"https:\/\/mobecor.ee\/en\/wp-json\/wp\/v2\/media\/5820"}],"wp:attachment":[{"href":"https:\/\/mobecor.ee\/en\/wp-json\/wp\/v2\/media?parent=23793"}],"wp:term":[{"taxonomy":"series","embeddable":true,"href":"https:\/\/mobecor.ee\/en\/wp-json\/wp\/v2\/series?post=23793"},{"taxonomy":"product_brand","embeddable":true,"href":"https:\/\/mobecor.ee\/en\/wp-json\/wp\/v2\/product_brand?post=23793"},{"taxonomy":"product_cat","embeddable":true,"href":"https:\/\/mobecor.ee\/en\/wp-json\/wp\/v2\/product_cat?post=23793"},{"taxonomy":"product_tag","embeddable":true,"href":"https:\/\/mobecor.ee\/en\/wp-json\/wp\/v2\/product_tag?post=23793"}],"curies":[{"name":"wp","href":"https:\/\/api.w.org\/{rel}","templated":true}]}}