{"id":23800,"date":"2025-05-06T06:24:56","date_gmt":"2025-05-06T06:24:56","guid":{"rendered":"https:\/\/mobecor.ee\/?post_type=product&#038;p=23800"},"modified":"2025-12-10T09:21:46","modified_gmt":"2025-12-10T07:21:46","slug":"porandariiul-tiffany-t13-d15","status":"publish","type":"product","link":"https:\/\/mobecor.ee\/en\/toode\/porandariiul-tiffany-t13-d15\/","title":{"rendered":"P\u00f5randariiul Tiffany T13\/D15"},"content":{"rendered":"<p><span style=\"font-size: 10pt;\">Korpus:\u00a0lamineeritud puitlaastplaat, 16 mm.<br \/>\nKorpuse v\u00e4rv: valge.<br \/>\nVaheriiulid: lamineeritud puitlaastplaadist, 16 mm.<br \/>\nJalad: reguleeritavad plastikjalad.<br \/>\nSokkel ei kuulu hinna sisse. V\u00f5imalik soovi korral osta\u00a0<a href=\"https:\/\/mobecor.ee\/toode\/kuljesokkel-tiffany-12361\/\" target=\"_blank\" rel=\"noopener\">SOKKEL\u00a0<\/a>v\u00f5i\u00a0<a href=\"https:\/\/mobecor.ee\/toode\/kuljesokkel-tiffany\/\" target=\"_blank\" rel=\"noopener\">K\u00dcLJESOKKEL<\/a>.<br \/>\nT\u00f6\u00f6pind (28 mm v\u00f5i 38 mm) ei kuulu hinna sisse, v\u00f5imalik juurde tellida.<\/span><br \/>\n<span style=\"font-size: 10pt;\">Toodetud: Poolas.<\/span><span style=\"font-size: 10pt;\"><br \/>\n<\/span><\/p>\n","protected":false},"excerpt":{"rendered":"<p><span style=\"font-size: 10pt;\">Laius: 15 cm.<\/span><br \/>\n<span style=\"font-size: 10pt;\">S\u00fcgavus: 50 cm.<\/span><br \/>\n<span style=\"font-size: 10pt;\">K\u00f5rgus: 82 cm.<br \/>\nTarneaeg: 4-8 n\u00e4dalat.<\/span><\/p>\n","protected":false},"featured_media":5834,"template":"","meta":{"_acf_changed":false,"inline_featured_image":false},"series":[],"product_brand":[2945],"product_cat":[235],"product_tag":[],"class_list":{"0":"post-23800","1":"product","2":"type-product","3":"status-publish","4":"has-post-thumbnail","6":"product_brand-liveo","7":"product_cat-tiffany-porandakapid","9":"first","10":"instock","11":"taxable","12":"shipping-taxable","13":"purchasable","14":"product-type-simple"},"acf":[],"_links":{"self":[{"href":"https:\/\/mobecor.ee\/en\/wp-json\/wp\/v2\/product\/23800","targetHints":{"allow":["GET"]}}],"collection":[{"href":"https:\/\/mobecor.ee\/en\/wp-json\/wp\/v2\/product"}],"about":[{"href":"https:\/\/mobecor.ee\/en\/wp-json\/wp\/v2\/types\/product"}],"wp:featuredmedia":[{"embeddable":true,"href":"https:\/\/mobecor.ee\/en\/wp-json\/wp\/v2\/media\/5834"}],"wp:attachment":[{"href":"https:\/\/mobecor.ee\/en\/wp-json\/wp\/v2\/media?parent=23800"}],"wp:term":[{"taxonomy":"series","embeddable":true,"href":"https:\/\/mobecor.ee\/en\/wp-json\/wp\/v2\/series?post=23800"},{"taxonomy":"product_brand","embeddable":true,"href":"https:\/\/mobecor.ee\/en\/wp-json\/wp\/v2\/product_brand?post=23800"},{"taxonomy":"product_cat","embeddable":true,"href":"https:\/\/mobecor.ee\/en\/wp-json\/wp\/v2\/product_cat?post=23800"},{"taxonomy":"product_tag","embeddable":true,"href":"https:\/\/mobecor.ee\/en\/wp-json\/wp\/v2\/product_tag?post=23800"}],"curies":[{"name":"wp","href":"https:\/\/api.w.org\/{rel}","templated":true}]}}