{"id":23805,"date":"2025-05-06T06:25:32","date_gmt":"2025-05-06T06:25:32","guid":{"rendered":"https:\/\/mobecor.ee\/?post_type=product&#038;p=23805"},"modified":"2025-10-24T11:30:55","modified_gmt":"2025-10-24T08:30:55","slug":"porandariiul-tiffany-t18-d50s1","status":"publish","type":"product","link":"https:\/\/mobecor.ee\/en\/toode\/porandariiul-tiffany-t18-d50s1\/","title":{"rendered":"P\u00f5randakapp Tiffany T18\/D50S1"},"content":{"rendered":"<p><span style=\"font-size: 10pt;\">Kapil on 1 uks ja 1 sahtel.<\/span><br \/>\n<span style=\"font-size: 10pt;\">Korpus:\u00a0lamineeritud puitlaastplaat, 16 mm.<\/span><br \/>\n<span style=\"font-size: 10pt;\">Korpuse v\u00e4rv: valge.<\/span><br \/>\n<span style=\"font-size: 10pt;\">Esipind: MDF 16 mm, kaetud PVC fooliumiga.<\/span><br \/>\n<span style=\"font-size: 10pt;\">Esipinna v\u00e4rvivalik: l\u00e4ikiv valge; l\u00e4ikiv hall.<\/span><br \/>\n<span style=\"font-size: 10pt;\">Siseriiul: lamineeritud puitlaastplaadist, 16 mm.<\/span><br \/>\n<span style=\"font-size: 10pt;\">K\u00e4epidemed: metallist.<\/span><br \/>\n<span style=\"font-size: 10pt;\">Uksel ja sahtlil\u00a0on vaikselt sulguvad hinged.<\/span><br \/>\n<span style=\"font-size: 10pt;\">Jalad: reguleeritavad plastikjalad.<\/span><br \/>\n<span style=\"font-size: 10pt;\">Sokkel ei kuulu hinna sisse. V\u00f5imalik soovi korral osta\u00a0<a href=\"https:\/\/mobecor.ee\/toode\/kuljesokkel-tiffany-12361\/\" target=\"_blank\" rel=\"noopener\">SOKKEL<\/a>\u00a0v\u00f5i\u00a0<a href=\"https:\/\/mobecor.ee\/toode\/kuljesokkel-tiffany\/\" target=\"_blank\" rel=\"noopener\">K\u00dcLJESOKKEL<\/a>.<\/span><br \/>\n<span style=\"font-size: 10pt;\">T\u00f6\u00f6pind (28 mm v\u00f5i 38 mm) ei kuulu hinna sisse, v\u00f5imalik juurde tellida.<\/span><br \/>\n<span style=\"font-size: 10pt;\">Toodetud: Poolas.<\/span><span style=\"font-size: 10pt;\"><br \/>\n<\/span><\/p>\n","protected":false},"excerpt":{"rendered":"<p><span style=\"font-size: 10pt;\">Laius: 50 cm.<\/span><br \/>\n<span style=\"font-size: 10pt;\">S\u00fcgavus: 52 cm.<\/span><br \/>\n<span style=\"font-size: 10pt;\">K\u00f5rgus: 82 cm.<br \/>\nTarneaeg: 4-8 n\u00e4dalat.<\/span><\/p>\n","protected":false},"featured_media":5844,"template":"","meta":{"_acf_changed":false,"inline_featured_image":false},"series":[],"product_brand":[2945],"product_cat":[235],"product_tag":[],"class_list":{"0":"post-23805","1":"product","2":"type-product","3":"status-publish","4":"has-post-thumbnail","6":"product_brand-liveo","7":"product_cat-tiffany-porandakapid","9":"first","10":"instock","11":"taxable","12":"shipping-taxable","13":"purchasable","14":"product-type-simple"},"acf":[],"_links":{"self":[{"href":"https:\/\/mobecor.ee\/en\/wp-json\/wp\/v2\/product\/23805","targetHints":{"allow":["GET"]}}],"collection":[{"href":"https:\/\/mobecor.ee\/en\/wp-json\/wp\/v2\/product"}],"about":[{"href":"https:\/\/mobecor.ee\/en\/wp-json\/wp\/v2\/types\/product"}],"wp:featuredmedia":[{"embeddable":true,"href":"https:\/\/mobecor.ee\/en\/wp-json\/wp\/v2\/media\/5844"}],"wp:attachment":[{"href":"https:\/\/mobecor.ee\/en\/wp-json\/wp\/v2\/media?parent=23805"}],"wp:term":[{"taxonomy":"series","embeddable":true,"href":"https:\/\/mobecor.ee\/en\/wp-json\/wp\/v2\/series?post=23805"},{"taxonomy":"product_brand","embeddable":true,"href":"https:\/\/mobecor.ee\/en\/wp-json\/wp\/v2\/product_brand?post=23805"},{"taxonomy":"product_cat","embeddable":true,"href":"https:\/\/mobecor.ee\/en\/wp-json\/wp\/v2\/product_cat?post=23805"},{"taxonomy":"product_tag","embeddable":true,"href":"https:\/\/mobecor.ee\/en\/wp-json\/wp\/v2\/product_tag?post=23805"}],"curies":[{"name":"wp","href":"https:\/\/api.w.org\/{rel}","templated":true}]}}