{"id":23852,"date":"2025-05-06T06:29:50","date_gmt":"2025-05-06T06:29:50","guid":{"rendered":"https:\/\/mobecor.ee\/?post_type=product&#038;p=23852"},"modified":"2026-01-20T13:32:59","modified_gmt":"2026-01-20T11:32:59","slug":"voodi-lionel-li-12-140-voodipohi-12280","status":"publish","type":"product","link":"https:\/\/mobecor.ee\/en\/toode\/voodi-lionel-li-12-140-voodipohi-12280\/","title":{"rendered":"Voodi Lionel LI 12\/140 + mehhanismiga voodip\u00f5hi"},"content":{"rendered":"<p>Voodile sobib madrats m\u00f5\u00f5tudes 140 x 200 cm.<br \/>\nMadrats ei kuulu komplekti.<br \/>\nVoodil on\u00a0mehhanismiga \u00fclest\u00f5stetav voodip\u00f5hi<br \/>\nV\u00f5imalik juurde osta voodiga sobivad, seinale kinnitatavad \u00f6\u00f6kapid.<br \/>\nMaterjal: kvaliteetne ja vastupidav laminaat + MDF + PVC.<br \/>\nV\u00e4rv: tamm tr\u00fchvel\/valge k\u00f5rgl\u00e4ikega.<br \/>\nToodetud: Poolas.<br \/>\nToode tarnitakse detailidena.<\/p>\n","protected":false},"excerpt":{"rendered":"<p>Laius: 146 cm.<br \/>\nS\u00fcgavus: 206 cm.<br \/>\nK\u00f5rgus: 94 cm.<br \/>\nTarneaeg: 4-8 n\u00e4dalat.<\/p>\n","protected":false},"featured_media":5748,"template":"","meta":{"_acf_changed":false,"inline_featured_image":false},"series":[2774],"product_brand":[2945],"product_cat":[4015],"product_tag":[],"class_list":{"0":"post-23852","1":"product","2":"type-product","3":"status-publish","4":"has-post-thumbnail","6":"series-lionel","7":"product_brand-liveo","8":"product_cat-voodid-140-x-200","10":"first","11":"instock","12":"taxable","13":"shipping-taxable","14":"purchasable","15":"product-type-variable"},"acf":[],"_links":{"self":[{"href":"https:\/\/mobecor.ee\/en\/wp-json\/wp\/v2\/product\/23852","targetHints":{"allow":["GET"]}}],"collection":[{"href":"https:\/\/mobecor.ee\/en\/wp-json\/wp\/v2\/product"}],"about":[{"href":"https:\/\/mobecor.ee\/en\/wp-json\/wp\/v2\/types\/product"}],"wp:featuredmedia":[{"embeddable":true,"href":"https:\/\/mobecor.ee\/en\/wp-json\/wp\/v2\/media\/5748"}],"wp:attachment":[{"href":"https:\/\/mobecor.ee\/en\/wp-json\/wp\/v2\/media?parent=23852"}],"wp:term":[{"taxonomy":"series","embeddable":true,"href":"https:\/\/mobecor.ee\/en\/wp-json\/wp\/v2\/series?post=23852"},{"taxonomy":"product_brand","embeddable":true,"href":"https:\/\/mobecor.ee\/en\/wp-json\/wp\/v2\/product_brand?post=23852"},{"taxonomy":"product_cat","embeddable":true,"href":"https:\/\/mobecor.ee\/en\/wp-json\/wp\/v2\/product_cat?post=23852"},{"taxonomy":"product_tag","embeddable":true,"href":"https:\/\/mobecor.ee\/en\/wp-json\/wp\/v2\/product_tag?post=23852"}],"curies":[{"name":"wp","href":"https:\/\/api.w.org\/{rel}","templated":true}]}}