{"id":23862,"date":"2025-05-06T06:30:59","date_gmt":"2025-05-06T06:30:59","guid":{"rendered":"https:\/\/mobecor.ee\/?post_type=product&#038;p=23862"},"modified":"2026-03-12T12:11:36","modified_gmt":"2026-03-12T10:11:36","slug":"vedrumadrats-tango-kookos","status":"publish","type":"product","link":"https:\/\/mobecor.ee\/en\/toode\/vedrumadrats-tango-kookos\/","title":{"rendered":"Vedrumadrats Tango Kookos"},"content":{"rendered":"<p>Tugev \u00fchepoolne madrats, mis p\u00f5hineb eriti k\u00f5rgel s\u00f5ltumatul Pocket vedruplokil (vedrud on pakitud eraldi riidest kottidesse).<br \/>\nSelline vedruploki disain tagab keha \u00fchtlase kaalujaotuse, andes madratsile tugevad ortopeedilised omadused.<br \/>\nVedruplokk on tugevdatud metallraamiga.<br \/>\nVedrude vahel olev vildikiht ja 1 cm paksune lisakiht naturaalsest kookoskiust muudavad madratsi tugevamaks.<br \/>\nKate on valmistatud mittevenivast ja v\u00e4ga vastupidavast tepitud kangast.<br \/>\nSisu:<br \/>\n* pol\u00fcuretaanvaht 2 cm.<br \/>\n* kookoskiud 1 cm.<br \/>\n* vilt.<br \/>\n*\u00a0pocket vedru (k\u00f5rgus 18,5 cm\/traadi l\u00e4bim\u00f5\u00f5t 1,8 mm) + metallraam (9mm*2,5mm).<br \/>\n* vilt.<br \/>\n* pol\u00fcuretaanvaht 0,5 cm.<br \/>\nToodetud: L\u00e4tis.<\/p>\n","protected":false},"excerpt":{"rendered":"<p>K\u00f5rgus: 22 cm.<br \/>\nS\u00fcgavus: 200 cm.<br \/>\nLaiused: 80; 90; 120; 140; 160; 180 cm.<br \/>\nTarneaeg: kuni 4 n\u00e4dalat.<\/p>\n","protected":false},"featured_media":5578,"template":"","meta":{"_acf_changed":false,"inline_featured_image":false},"series":[],"product_brand":[2858],"product_cat":[337],"product_tag":[],"class_list":{"0":"post-23862","1":"product","2":"type-product","3":"status-publish","4":"has-post-thumbnail","6":"product_brand-sendeko","7":"product_cat-sendeko-vedrumadratsid","9":"first","10":"instock","11":"taxable","12":"shipping-taxable","13":"purchasable","14":"product-type-variable"},"acf":[],"_links":{"self":[{"href":"https:\/\/mobecor.ee\/en\/wp-json\/wp\/v2\/product\/23862","targetHints":{"allow":["GET"]}}],"collection":[{"href":"https:\/\/mobecor.ee\/en\/wp-json\/wp\/v2\/product"}],"about":[{"href":"https:\/\/mobecor.ee\/en\/wp-json\/wp\/v2\/types\/product"}],"wp:featuredmedia":[{"embeddable":true,"href":"https:\/\/mobecor.ee\/en\/wp-json\/wp\/v2\/media\/5578"}],"wp:attachment":[{"href":"https:\/\/mobecor.ee\/en\/wp-json\/wp\/v2\/media?parent=23862"}],"wp:term":[{"taxonomy":"series","embeddable":true,"href":"https:\/\/mobecor.ee\/en\/wp-json\/wp\/v2\/series?post=23862"},{"taxonomy":"product_brand","embeddable":true,"href":"https:\/\/mobecor.ee\/en\/wp-json\/wp\/v2\/product_brand?post=23862"},{"taxonomy":"product_cat","embeddable":true,"href":"https:\/\/mobecor.ee\/en\/wp-json\/wp\/v2\/product_cat?post=23862"},{"taxonomy":"product_tag","embeddable":true,"href":"https:\/\/mobecor.ee\/en\/wp-json\/wp\/v2\/product_tag?post=23862"}],"curies":[{"name":"wp","href":"https:\/\/api.w.org\/{rel}","templated":true}]}}