{"id":23863,"date":"2025-05-06T06:30:59","date_gmt":"2025-05-06T06:30:59","guid":{"rendered":"https:\/\/mobecor.ee\/?post_type=product&#038;p=23863"},"modified":"2026-02-11T16:48:55","modified_gmt":"2026-02-11T14:48:55","slug":"nurgariidekapp-drop-01-82-82-199","status":"publish","type":"product","link":"https:\/\/mobecor.ee\/en\/toode\/nurgariidekapp-drop-01-82-82-199\/","title":{"rendered":"Nurgariidekapp Drop 01 (82\/82\/199)"},"content":{"rendered":"<p>2-uksega nurga-riidekapp. Uste taga on 2 riidepuutoru ja pesuriiulid.<br \/>\nMaterjal: kvaliteetne ja vastupidav\u00a0lamineeritud m\u00f6\u00f6bliplaat.<br \/>\nP\u00f5hiv\u00e4rv: p\u00f6\u00f6k fjord\/valge.<br \/>\nLisav\u00e4rvid: plaatinahall; helehall.<br \/>\nToodetud: Poolas<br \/>\nToode tarnitakse detailidena.<\/p>\n","protected":false},"excerpt":{"rendered":"<p>Laius: 82 cm.<br \/>\nS\u00fcgavus: 82 cm.<br \/>\nK\u00f5rgus: 199 cm.<br \/>\nTarneaeg: 4-8 n\u00e4dalat.<\/p>\n","protected":false},"featured_media":73997,"template":"","meta":{"_acf_changed":false,"inline_featured_image":false},"series":[],"product_brand":[2938],"product_cat":[94,292],"product_tag":[],"class_list":{"0":"post-23863","1":"product","2":"type-product","3":"status-publish","4":"has-post-thumbnail","6":"product_brand-ml-meble","7":"product_cat-riidekapid","8":"product_cat-lastetuba-drop","10":"first","11":"instock","12":"taxable","13":"shipping-taxable","14":"purchasable","15":"product-type-simple"},"acf":[],"_links":{"self":[{"href":"https:\/\/mobecor.ee\/en\/wp-json\/wp\/v2\/product\/23863","targetHints":{"allow":["GET"]}}],"collection":[{"href":"https:\/\/mobecor.ee\/en\/wp-json\/wp\/v2\/product"}],"about":[{"href":"https:\/\/mobecor.ee\/en\/wp-json\/wp\/v2\/types\/product"}],"wp:featuredmedia":[{"embeddable":true,"href":"https:\/\/mobecor.ee\/en\/wp-json\/wp\/v2\/media\/73997"}],"wp:attachment":[{"href":"https:\/\/mobecor.ee\/en\/wp-json\/wp\/v2\/media?parent=23863"}],"wp:term":[{"taxonomy":"series","embeddable":true,"href":"https:\/\/mobecor.ee\/en\/wp-json\/wp\/v2\/series?post=23863"},{"taxonomy":"product_brand","embeddable":true,"href":"https:\/\/mobecor.ee\/en\/wp-json\/wp\/v2\/product_brand?post=23863"},{"taxonomy":"product_cat","embeddable":true,"href":"https:\/\/mobecor.ee\/en\/wp-json\/wp\/v2\/product_cat?post=23863"},{"taxonomy":"product_tag","embeddable":true,"href":"https:\/\/mobecor.ee\/en\/wp-json\/wp\/v2\/product_tag?post=23863"}],"curies":[{"name":"wp","href":"https:\/\/api.w.org\/{rel}","templated":true}]}}