{"id":23873,"date":"2025-05-06T06:31:13","date_gmt":"2025-05-06T06:31:13","guid":{"rendered":"https:\/\/mobecor.ee\/?post_type=product&#038;p=23873"},"modified":"2026-02-11T16:40:01","modified_gmt":"2026-02-11T14:40:01","slug":"arvutilaud-drop-14","status":"publish","type":"product","link":"https:\/\/mobecor.ee\/en\/toode\/arvutilaud-drop-14\/","title":{"rendered":"Arvutilaud Drop 1401 (119\/55\/79)"},"content":{"rendered":"<p>Arvutilaual on 1 sahtel, 1 uks ja v\u00e4ljat\u00f5mmatav klaviatuurialus.<br \/>\nMaterjal: kvaliteetne ja vastupidav\u00a0lamineeritud m\u00f6\u00f6bliplaat.<br \/>\nP\u00f5hiv\u00e4rv: p\u00f6\u00f6k fjord\/valge.<br \/>\nLisav\u00e4rvid: plaatinahall; helehall.<br \/>\nToodetud: Poolas<br \/>\nToode tarnitakse detailidena.<\/p>\n","protected":false},"excerpt":{"rendered":"<p>Laius: 119 cm.<br \/>\nS\u00fcgavus: 55 cm.<br \/>\nK\u00f5rgus: 79 cm.<br \/>\nTarneaeg: 4-8 n\u00e4dalat.<\/p>\n","protected":false},"featured_media":5600,"template":"","meta":{"_acf_changed":false,"inline_featured_image":false},"series":[],"product_brand":[2938],"product_cat":[97,292],"product_tag":[],"class_list":{"0":"post-23873","1":"product","2":"type-product","3":"status-publish","4":"has-post-thumbnail","6":"product_brand-ml-meble","7":"product_cat-kirjutuslauad","8":"product_cat-lastetuba-drop","10":"first","11":"instock","12":"taxable","13":"shipping-taxable","14":"purchasable","15":"product-type-simple"},"acf":[],"_links":{"self":[{"href":"https:\/\/mobecor.ee\/en\/wp-json\/wp\/v2\/product\/23873","targetHints":{"allow":["GET"]}}],"collection":[{"href":"https:\/\/mobecor.ee\/en\/wp-json\/wp\/v2\/product"}],"about":[{"href":"https:\/\/mobecor.ee\/en\/wp-json\/wp\/v2\/types\/product"}],"wp:featuredmedia":[{"embeddable":true,"href":"https:\/\/mobecor.ee\/en\/wp-json\/wp\/v2\/media\/5600"}],"wp:attachment":[{"href":"https:\/\/mobecor.ee\/en\/wp-json\/wp\/v2\/media?parent=23873"}],"wp:term":[{"taxonomy":"series","embeddable":true,"href":"https:\/\/mobecor.ee\/en\/wp-json\/wp\/v2\/series?post=23873"},{"taxonomy":"product_brand","embeddable":true,"href":"https:\/\/mobecor.ee\/en\/wp-json\/wp\/v2\/product_brand?post=23873"},{"taxonomy":"product_cat","embeddable":true,"href":"https:\/\/mobecor.ee\/en\/wp-json\/wp\/v2\/product_cat?post=23873"},{"taxonomy":"product_tag","embeddable":true,"href":"https:\/\/mobecor.ee\/en\/wp-json\/wp\/v2\/product_tag?post=23873"}],"curies":[{"name":"wp","href":"https:\/\/api.w.org\/{rel}","templated":true}]}}