{"id":23874,"date":"2025-05-06T06:31:15","date_gmt":"2025-05-06T06:31:15","guid":{"rendered":"https:\/\/mobecor.ee\/?post_type=product&#038;p=23874"},"modified":"2026-02-11T16:35:55","modified_gmt":"2026-02-11T14:35:55","slug":"voodi-drop-17-helehall","status":"publish","type":"product","link":"https:\/\/mobecor.ee\/en\/toode\/voodi-drop-17-helehall\/","title":{"rendered":"Voodi Drop 1702 (helehall)"},"content":{"rendered":"<p>Komplekti kuulub voodikarkass, p\u00f5hjalipid ja 2 pesusahtlit.<br \/>\nVoodile sobib madrats m\u00f5\u00f5tudes 90 x 200 cm.<br \/>\nMadrats ei kuulu komplekti.<br \/>\nLisavalikuna v\u00f5imalik juurde osta k\u00fclje k\u00f5rgendus Zast 03 (NB! Terve voodi ulatuses on vaja 2 tk) ja kangaga kaetud pehmendus Zag 05 peatsile v\u00f5i k\u00f5rgendusele.<br \/>\nMaterjal: kvaliteetne ja vastupidav lamineeritud m\u00f6\u00f6bliplaat.<br \/>\nP\u00f5hiv\u00e4rv: p\u00f6\u00f6k fjord\/valge.<br \/>\nLisav\u00e4rvid: plaatinahall; helehall.<br \/>\nToodetud: Poolas<br \/>\nToode tarnitakse detailidena.<\/p>\n","protected":false},"excerpt":{"rendered":"<p>Laius: 97 cm.<br \/>\nS\u00fcgavus: 205 cm.<br \/>\nK\u00f5rgus: 81 cm.<br \/>\nTarneaeg: 4-8 n\u00e4dalat.<\/p>\n","protected":false},"featured_media":74685,"template":"","meta":{"_acf_changed":false,"inline_featured_image":false},"series":[],"product_brand":[2938],"product_cat":[292],"product_tag":[],"class_list":{"0":"post-23874","1":"product","2":"type-product","3":"status-publish","4":"has-post-thumbnail","6":"product_brand-ml-meble","7":"product_cat-lastetuba-drop","9":"first","10":"instock","11":"taxable","12":"shipping-taxable","13":"purchasable","14":"product-type-variable"},"acf":[],"_links":{"self":[{"href":"https:\/\/mobecor.ee\/en\/wp-json\/wp\/v2\/product\/23874","targetHints":{"allow":["GET"]}}],"collection":[{"href":"https:\/\/mobecor.ee\/en\/wp-json\/wp\/v2\/product"}],"about":[{"href":"https:\/\/mobecor.ee\/en\/wp-json\/wp\/v2\/types\/product"}],"wp:featuredmedia":[{"embeddable":true,"href":"https:\/\/mobecor.ee\/en\/wp-json\/wp\/v2\/media\/74685"}],"wp:attachment":[{"href":"https:\/\/mobecor.ee\/en\/wp-json\/wp\/v2\/media?parent=23874"}],"wp:term":[{"taxonomy":"series","embeddable":true,"href":"https:\/\/mobecor.ee\/en\/wp-json\/wp\/v2\/series?post=23874"},{"taxonomy":"product_brand","embeddable":true,"href":"https:\/\/mobecor.ee\/en\/wp-json\/wp\/v2\/product_brand?post=23874"},{"taxonomy":"product_cat","embeddable":true,"href":"https:\/\/mobecor.ee\/en\/wp-json\/wp\/v2\/product_cat?post=23874"},{"taxonomy":"product_tag","embeddable":true,"href":"https:\/\/mobecor.ee\/en\/wp-json\/wp\/v2\/product_tag?post=23874"}],"curies":[{"name":"wp","href":"https:\/\/api.w.org\/{rel}","templated":true}]}}