{"id":23875,"date":"2025-05-06T06:31:17","date_gmt":"2025-05-06T06:31:17","guid":{"rendered":"https:\/\/mobecor.ee\/?post_type=product&#038;p=23875"},"modified":"2026-02-11T16:33:13","modified_gmt":"2026-02-11T14:33:13","slug":"seinariiul-drop-18w","status":"publish","type":"product","link":"https:\/\/mobecor.ee\/en\/toode\/seinariiul-drop-18w\/","title":{"rendered":"Seinariiul Drop 18W (30\/20\/32)"},"content":{"rendered":"<p>Materjal: kvaliteetne ja vastupidav\u00a0lamineeritud m\u00f6\u00f6bliplaat.<br \/>\nV\u00e4rvivalik: p\u00f6\u00f6k fjord; valge; helehall; plaatinahall.<br \/>\nLisavalikuna v\u00f5imalik juurde osta tagapaneel.<br \/>\nToodetud: Poolas<br \/>\nToode tarnitakse detailidena.<\/p>\n","protected":false},"excerpt":{"rendered":"<p>Laius:\u00a030 cm.<br \/>\nS\u00fcgavus:\u00a020 cm.<br \/>\nK\u00f5rgus:\u00a032 cm.<br \/>\nTarneaeg: 4-8 n\u00e4dalat.<\/p>\n","protected":false},"featured_media":5604,"template":"","meta":{"_acf_changed":false,"inline_featured_image":false},"series":[],"product_brand":[2938],"product_cat":[93,292],"product_tag":[],"class_list":{"0":"post-23875","1":"product","2":"type-product","3":"status-publish","4":"has-post-thumbnail","6":"product_brand-ml-meble","7":"product_cat-seinariiulid","8":"product_cat-lastetuba-drop","10":"first","11":"instock","12":"taxable","13":"shipping-taxable","14":"purchasable","15":"product-type-variable"},"acf":[],"_links":{"self":[{"href":"https:\/\/mobecor.ee\/en\/wp-json\/wp\/v2\/product\/23875","targetHints":{"allow":["GET"]}}],"collection":[{"href":"https:\/\/mobecor.ee\/en\/wp-json\/wp\/v2\/product"}],"about":[{"href":"https:\/\/mobecor.ee\/en\/wp-json\/wp\/v2\/types\/product"}],"wp:featuredmedia":[{"embeddable":true,"href":"https:\/\/mobecor.ee\/en\/wp-json\/wp\/v2\/media\/5604"}],"wp:attachment":[{"href":"https:\/\/mobecor.ee\/en\/wp-json\/wp\/v2\/media?parent=23875"}],"wp:term":[{"taxonomy":"series","embeddable":true,"href":"https:\/\/mobecor.ee\/en\/wp-json\/wp\/v2\/series?post=23875"},{"taxonomy":"product_brand","embeddable":true,"href":"https:\/\/mobecor.ee\/en\/wp-json\/wp\/v2\/product_brand?post=23875"},{"taxonomy":"product_cat","embeddable":true,"href":"https:\/\/mobecor.ee\/en\/wp-json\/wp\/v2\/product_cat?post=23875"},{"taxonomy":"product_tag","embeddable":true,"href":"https:\/\/mobecor.ee\/en\/wp-json\/wp\/v2\/product_tag?post=23875"}],"curies":[{"name":"wp","href":"https:\/\/api.w.org\/{rel}","templated":true}]}}