{"id":23939,"date":"2025-05-06T06:37:02","date_gmt":"2025-05-06T06:37:02","guid":{"rendered":"https:\/\/mobecor.ee\/?post_type=product&#038;p=23939"},"modified":"2026-02-07T13:42:07","modified_gmt":"2026-02-07T11:42:07","slug":"kummut-blanco-06","status":"publish","type":"product","link":"https:\/\/mobecor.ee\/en\/toode\/kummut-blanco-06\/","title":{"rendered":"Kummut Blanco 06 (165\/42\/96)"},"content":{"rendered":"<p>Kummutil on 2 ust ja 4 sahtlit.<br \/>\nMaterjal: kvaliteetne\u00a0lamineeritud m\u00f6\u00f6bliplaat, servad ABS, k\u00e4epidemed MDF, jalad plastikust.<br \/>\nV\u00e4rv: valge m\u00e4nd\/hall.<br \/>\nToode tarnitakse detailidena.<br \/>\nToodetud: Poolas.<\/p>\n","protected":false},"excerpt":{"rendered":"<p>Laius: 165 cm<br \/>\nS\u00fcgavus: 42 cm.<br \/>\nK\u00f5rgus: 96 cm.<br \/>\nKaal: 70,5 kg.<br \/>\nTarneaeg: 4-8 n\u00e4dalat.<\/p>\n","protected":false},"featured_media":5538,"template":"","meta":{"_acf_changed":false,"inline_featured_image":false},"series":[2729],"product_brand":[2938],"product_cat":[36],"product_tag":[],"class_list":{"0":"post-23939","1":"product","2":"type-product","3":"status-publish","4":"has-post-thumbnail","6":"series-blanco","7":"product_brand-ml-meble","8":"product_cat-kummutid","10":"first","11":"instock","12":"taxable","13":"shipping-taxable","14":"purchasable","15":"product-type-simple"},"acf":[],"_links":{"self":[{"href":"https:\/\/mobecor.ee\/en\/wp-json\/wp\/v2\/product\/23939","targetHints":{"allow":["GET"]}}],"collection":[{"href":"https:\/\/mobecor.ee\/en\/wp-json\/wp\/v2\/product"}],"about":[{"href":"https:\/\/mobecor.ee\/en\/wp-json\/wp\/v2\/types\/product"}],"wp:featuredmedia":[{"embeddable":true,"href":"https:\/\/mobecor.ee\/en\/wp-json\/wp\/v2\/media\/5538"}],"wp:attachment":[{"href":"https:\/\/mobecor.ee\/en\/wp-json\/wp\/v2\/media?parent=23939"}],"wp:term":[{"taxonomy":"series","embeddable":true,"href":"https:\/\/mobecor.ee\/en\/wp-json\/wp\/v2\/series?post=23939"},{"taxonomy":"product_brand","embeddable":true,"href":"https:\/\/mobecor.ee\/en\/wp-json\/wp\/v2\/product_brand?post=23939"},{"taxonomy":"product_cat","embeddable":true,"href":"https:\/\/mobecor.ee\/en\/wp-json\/wp\/v2\/product_cat?post=23939"},{"taxonomy":"product_tag","embeddable":true,"href":"https:\/\/mobecor.ee\/en\/wp-json\/wp\/v2\/product_tag?post=23939"}],"curies":[{"name":"wp","href":"https:\/\/api.w.org\/{rel}","templated":true}]}}