{"id":23942,"date":"2025-05-06T06:37:15","date_gmt":"2025-05-06T06:37:15","guid":{"rendered":"https:\/\/mobecor.ee\/?post_type=product&#038;p=23942"},"modified":"2026-02-07T13:41:28","modified_gmt":"2026-02-07T11:41:28","slug":"tv-alus-blanco-09","status":"publish","type":"product","link":"https:\/\/mobecor.ee\/en\/toode\/tv-alus-blanco-09\/","title":{"rendered":"Tv-alus Blanco 0901 (165\/42\/55)"},"content":{"rendered":"<p>Tv-alusel on 2 ust, 1 sahtel ja avatud riiul. Riiul on tugevast karastatud klaasist.<br \/>\nLisavalikuna v\u00f5imalik juurde osta led valgustus.<br \/>\nMaterjal: kvaliteetne\u00a0lamineeritud m\u00f6\u00f6bliplaat + klaas, servad ABS, k\u00e4epidemed MDF, jalad plastikust.<br \/>\nV\u00e4rv: valge m\u00e4nd\/hall.<br \/>\nToode tarnitakse detailidena.<br \/>\nToodetud: Poolas.<\/p>\n","protected":false},"excerpt":{"rendered":"<p>Laius: 165 cm<br \/>\nS\u00fcgavus: 42 cm.<br \/>\nK\u00f5rgus: 55 cm.<br \/>\nKaal: 48,5 kg.<br \/>\nTarneaeg: 4-8 n\u00e4dalat.<\/p>\n","protected":false},"featured_media":5544,"template":"","meta":{"_acf_changed":false,"inline_featured_image":false},"series":[2729],"product_brand":[2938],"product_cat":[34],"product_tag":[],"class_list":{"0":"post-23942","1":"product","2":"type-product","3":"status-publish","4":"has-post-thumbnail","6":"series-blanco","7":"product_brand-ml-meble","8":"product_cat-tv-alused","10":"first","11":"instock","12":"taxable","13":"shipping-taxable","14":"purchasable","15":"product-type-variable"},"acf":[],"_links":{"self":[{"href":"https:\/\/mobecor.ee\/en\/wp-json\/wp\/v2\/product\/23942","targetHints":{"allow":["GET"]}}],"collection":[{"href":"https:\/\/mobecor.ee\/en\/wp-json\/wp\/v2\/product"}],"about":[{"href":"https:\/\/mobecor.ee\/en\/wp-json\/wp\/v2\/types\/product"}],"wp:featuredmedia":[{"embeddable":true,"href":"https:\/\/mobecor.ee\/en\/wp-json\/wp\/v2\/media\/5544"}],"wp:attachment":[{"href":"https:\/\/mobecor.ee\/en\/wp-json\/wp\/v2\/media?parent=23942"}],"wp:term":[{"taxonomy":"series","embeddable":true,"href":"https:\/\/mobecor.ee\/en\/wp-json\/wp\/v2\/series?post=23942"},{"taxonomy":"product_brand","embeddable":true,"href":"https:\/\/mobecor.ee\/en\/wp-json\/wp\/v2\/product_brand?post=23942"},{"taxonomy":"product_cat","embeddable":true,"href":"https:\/\/mobecor.ee\/en\/wp-json\/wp\/v2\/product_cat?post=23942"},{"taxonomy":"product_tag","embeddable":true,"href":"https:\/\/mobecor.ee\/en\/wp-json\/wp\/v2\/product_tag?post=23942"}],"curies":[{"name":"wp","href":"https:\/\/api.w.org\/{rel}","templated":true}]}}