{"id":23944,"date":"2025-05-06T06:37:19","date_gmt":"2025-05-06T06:37:19","guid":{"rendered":"https:\/\/mobecor.ee\/?post_type=product&#038;p=23944"},"modified":"2026-02-07T13:41:08","modified_gmt":"2026-02-07T11:41:08","slug":"kirjutuslaud-blanco-11","status":"publish","type":"product","link":"https:\/\/mobecor.ee\/en\/toode\/kirjutuslaud-blanco-11\/","title":{"rendered":"Arvutilaud Blanco 11 (119\/56\/78)"},"content":{"rendered":"<p>Arvutilaual\u00a0on 1 sahtel, 1 uks ja v\u00e4ljat\u00f5mmatav klaviatuurialus.<br \/>\nMaterjal: kvaliteetne\u00a0lamineeritud m\u00f6\u00f6bliplaat, servad ABS, k\u00e4epidemed MDF, jalad plastikust.<br \/>\nV\u00e4rv: valge m\u00e4nd\/hall.<br \/>\nToode tarnitakse detailidena.<br \/>\nToodetud: Poolas.<\/p>\n","protected":false},"excerpt":{"rendered":"<p>Laius: 119 cm<br \/>\nS\u00fcgavus: 56 cm.<br \/>\nK\u00f5rgus: 78 cm.<br \/>\nKaal: 40 kg.<br \/>\nTarneaeg: 4-8 n\u00e4dalat.<\/p>\n","protected":false},"featured_media":5548,"template":"","meta":{"_acf_changed":false,"inline_featured_image":false},"series":[2729],"product_brand":[2938],"product_cat":[97],"product_tag":[],"class_list":{"0":"post-23944","1":"product","2":"type-product","3":"status-publish","4":"has-post-thumbnail","6":"series-blanco","7":"product_brand-ml-meble","8":"product_cat-kirjutuslauad","10":"first","11":"instock","12":"taxable","13":"shipping-taxable","14":"purchasable","15":"product-type-simple"},"acf":[],"_links":{"self":[{"href":"https:\/\/mobecor.ee\/en\/wp-json\/wp\/v2\/product\/23944","targetHints":{"allow":["GET"]}}],"collection":[{"href":"https:\/\/mobecor.ee\/en\/wp-json\/wp\/v2\/product"}],"about":[{"href":"https:\/\/mobecor.ee\/en\/wp-json\/wp\/v2\/types\/product"}],"wp:featuredmedia":[{"embeddable":true,"href":"https:\/\/mobecor.ee\/en\/wp-json\/wp\/v2\/media\/5548"}],"wp:attachment":[{"href":"https:\/\/mobecor.ee\/en\/wp-json\/wp\/v2\/media?parent=23944"}],"wp:term":[{"taxonomy":"series","embeddable":true,"href":"https:\/\/mobecor.ee\/en\/wp-json\/wp\/v2\/series?post=23944"},{"taxonomy":"product_brand","embeddable":true,"href":"https:\/\/mobecor.ee\/en\/wp-json\/wp\/v2\/product_brand?post=23944"},{"taxonomy":"product_cat","embeddable":true,"href":"https:\/\/mobecor.ee\/en\/wp-json\/wp\/v2\/product_cat?post=23944"},{"taxonomy":"product_tag","embeddable":true,"href":"https:\/\/mobecor.ee\/en\/wp-json\/wp\/v2\/product_tag?post=23944"}],"curies":[{"name":"wp","href":"https:\/\/api.w.org\/{rel}","templated":true}]}}