{"id":23956,"date":"2025-05-06T06:37:50","date_gmt":"2025-05-06T06:37:50","guid":{"rendered":"https:\/\/mobecor.ee\/?post_type=product&#038;p=23956"},"modified":"2026-02-07T13:37:37","modified_gmt":"2026-02-07T11:37:37","slug":"riidekapp-blanco-27","status":"publish","type":"product","link":"https:\/\/mobecor.ee\/en\/toode\/riidekapp-blanco-27\/","title":{"rendered":"Riidekapp Blanco 27 (163\/65\/202)"},"content":{"rendered":"<p>Riidekapil on 3 ust. Keskmine uks on peegliga.<br \/>\nUste taga on riidepuutoru, m\u00fctsiriiul, 3 pesuriiulit ja 3 sahtlit.<br \/>\nMaterjal: kvaliteetne\u00a0lamineeritud m\u00f6\u00f6bliplaat, servad ABS, k\u00e4epidemed MDF.<br \/>\nV\u00e4rv: valge m\u00e4nd\/hall.<br \/>\nToode tarnitakse detailidena.<br \/>\nToodetud: Poolas.<span style=\"font-size: 10pt;\"><br \/>\n<\/span><\/p>\n","protected":false},"excerpt":{"rendered":"<p>Laius: 163 cm<br \/>\nK\u00f5rgus: 202 cm.<br \/>\nS\u00fcgavus:\u00a065 cm.<br \/>\nKaal: 116,5 kg.<br \/>\nTarneaeg: 4-8 n\u00e4dalat.<\/p>\n","protected":false},"featured_media":5572,"template":"","meta":{"_acf_changed":false,"inline_featured_image":false},"series":[2729],"product_brand":[2938],"product_cat":[94,328],"product_tag":[],"class_list":{"0":"post-23956","1":"product","2":"type-product","3":"status-publish","4":"has-post-thumbnail","6":"series-blanco","7":"product_brand-ml-meble","8":"product_cat-riidekapid","9":"product_cat-3-uksega-kapid","11":"first","12":"instock","13":"taxable","14":"shipping-taxable","15":"purchasable","16":"product-type-simple"},"acf":[],"_links":{"self":[{"href":"https:\/\/mobecor.ee\/en\/wp-json\/wp\/v2\/product\/23956","targetHints":{"allow":["GET"]}}],"collection":[{"href":"https:\/\/mobecor.ee\/en\/wp-json\/wp\/v2\/product"}],"about":[{"href":"https:\/\/mobecor.ee\/en\/wp-json\/wp\/v2\/types\/product"}],"wp:featuredmedia":[{"embeddable":true,"href":"https:\/\/mobecor.ee\/en\/wp-json\/wp\/v2\/media\/5572"}],"wp:attachment":[{"href":"https:\/\/mobecor.ee\/en\/wp-json\/wp\/v2\/media?parent=23956"}],"wp:term":[{"taxonomy":"series","embeddable":true,"href":"https:\/\/mobecor.ee\/en\/wp-json\/wp\/v2\/series?post=23956"},{"taxonomy":"product_brand","embeddable":true,"href":"https:\/\/mobecor.ee\/en\/wp-json\/wp\/v2\/product_brand?post=23956"},{"taxonomy":"product_cat","embeddable":true,"href":"https:\/\/mobecor.ee\/en\/wp-json\/wp\/v2\/product_cat?post=23956"},{"taxonomy":"product_tag","embeddable":true,"href":"https:\/\/mobecor.ee\/en\/wp-json\/wp\/v2\/product_tag?post=23956"}],"curies":[{"name":"wp","href":"https:\/\/api.w.org\/{rel}","templated":true}]}}