{"id":24020,"date":"2025-05-06T06:42:34","date_gmt":"2025-05-06T06:42:34","guid":{"rendered":"https:\/\/mobecor.ee\/?post_type=product&#038;p=24020"},"modified":"2026-02-13T14:46:43","modified_gmt":"2026-02-13T12:46:43","slug":"esikukomplekt-lux","status":"publish","type":"product","link":"https:\/\/mobecor.ee\/en\/toode\/esikukomplekt-lux\/","title":{"rendered":"Esikukomplekt Lux (97\/30\/195)"},"content":{"rendered":"<p>Esikukomplektil on 1 sahtel, 1 v\u00e4ike uks jalan\u00f5ude jaoks, 1 suur peegliga uks \u00fcleriiete jaoks, riputuskonksud ja riidepuutoru.<br \/>\nMaterjal: kvaliteetne ja vastupidav melamiinkattega laminaat.<br \/>\nV\u00e4rvivalik: tamm artisan\/must; tamm artisan; tamm sonoma; tamm sonoma\/valge; tamm tr\u00fchvel; tamm tr\u00fchvel\/valge.<br \/>\nToodetud: Poolas.<br \/>\nToode tarnitakse detailidena.<span style=\"line-height: 1.3em; font-size: 10pt;\"><br \/>\n<\/span><\/p>\n","protected":false},"excerpt":{"rendered":"<p>Laius: 97 cm.<br \/>\nS\u00fcgavus: 30 cm.<br \/>\nK\u00f5rgus: 195 cm.<br \/>\nTarneaeg: 4-8 n\u00e4dalat.<br \/>\n<strong>NB! Laos kohe olemas v\u00e4rvid:<br \/>\n* tamm sonoma;<\/strong><br \/>\n<strong>* tamm sonoma\/valge;<\/strong><br \/>\n<strong>* tamm artisan;<\/strong><br \/>\n<strong>* tamm artisan\/must.<\/strong><\/p>\n","protected":false},"featured_media":5310,"template":"","meta":{"_acf_changed":false,"inline_featured_image":false},"series":[],"product_brand":[2946],"product_cat":[2930,48],"product_tag":[],"class_list":{"0":"post-24020","1":"product","2":"type-product","3":"status-publish","4":"has-post-thumbnail","6":"product_brand-jarstol","7":"product_cat-esikumoobel-laos","8":"product_cat-esikukomplektid","10":"first","11":"instock","12":"taxable","13":"shipping-taxable","14":"purchasable","15":"product-type-simple"},"acf":[],"_links":{"self":[{"href":"https:\/\/mobecor.ee\/en\/wp-json\/wp\/v2\/product\/24020","targetHints":{"allow":["GET"]}}],"collection":[{"href":"https:\/\/mobecor.ee\/en\/wp-json\/wp\/v2\/product"}],"about":[{"href":"https:\/\/mobecor.ee\/en\/wp-json\/wp\/v2\/types\/product"}],"wp:featuredmedia":[{"embeddable":true,"href":"https:\/\/mobecor.ee\/en\/wp-json\/wp\/v2\/media\/5310"}],"wp:attachment":[{"href":"https:\/\/mobecor.ee\/en\/wp-json\/wp\/v2\/media?parent=24020"}],"wp:term":[{"taxonomy":"series","embeddable":true,"href":"https:\/\/mobecor.ee\/en\/wp-json\/wp\/v2\/series?post=24020"},{"taxonomy":"product_brand","embeddable":true,"href":"https:\/\/mobecor.ee\/en\/wp-json\/wp\/v2\/product_brand?post=24020"},{"taxonomy":"product_cat","embeddable":true,"href":"https:\/\/mobecor.ee\/en\/wp-json\/wp\/v2\/product_cat?post=24020"},{"taxonomy":"product_tag","embeddable":true,"href":"https:\/\/mobecor.ee\/en\/wp-json\/wp\/v2\/product_tag?post=24020"}],"curies":[{"name":"wp","href":"https:\/\/api.w.org\/{rel}","templated":true}]}}