{"id":24032,"date":"2025-05-06T06:43:17","date_gmt":"2025-05-06T06:43:17","guid":{"rendered":"https:\/\/mobecor.ee\/?post_type=product&#038;p=24032"},"modified":"2026-01-27T07:19:35","modified_gmt":"2026-01-27T05:19:35","slug":"kummut-diana-da12","status":"publish","type":"product","link":"https:\/\/mobecor.ee\/en\/toode\/kummut-diana-da12\/","title":{"rendered":"Kummut Diana DA-12 (75\/47\/125)"},"content":{"rendered":"<p>Kummutil on:\u00a02 kitsamat sahtlit ja 3 laiemat sahtlit.<br \/>\nMaterjal: kvaliteetne ja vastupidav laminaat. Jalad: p\u00f6\u00f6gipuit. K\u00e4epidemed: metallist.<br \/>\nV\u00e4rvivalik: valge m\u00e4nd; tume tamm lefkas.<br \/>\nToode tarnitakse detailidena.<br \/>\nToodetud: Poolas.<\/p>\n","protected":false},"excerpt":{"rendered":"<p>Laius: 75 cm<br \/>\nS\u00fcgavus: 47 cm.<br \/>\nK\u00f5rgus: 125 cm.<br \/>\nTarneaeg: 4-8 n\u00e4dalat.<\/p>\n","protected":false},"featured_media":73813,"template":"","meta":{"_acf_changed":false,"inline_featured_image":false},"series":[3006],"product_brand":[2943],"product_cat":[36],"product_tag":[],"class_list":{"0":"post-24032","1":"product","2":"type-product","3":"status-publish","4":"has-post-thumbnail","6":"series-diana","7":"product_brand-mlotmeble","8":"product_cat-kummutid","10":"first","11":"instock","12":"taxable","13":"shipping-taxable","14":"purchasable","15":"product-type-simple"},"acf":[],"_links":{"self":[{"href":"https:\/\/mobecor.ee\/en\/wp-json\/wp\/v2\/product\/24032","targetHints":{"allow":["GET"]}}],"collection":[{"href":"https:\/\/mobecor.ee\/en\/wp-json\/wp\/v2\/product"}],"about":[{"href":"https:\/\/mobecor.ee\/en\/wp-json\/wp\/v2\/types\/product"}],"wp:featuredmedia":[{"embeddable":true,"href":"https:\/\/mobecor.ee\/en\/wp-json\/wp\/v2\/media\/73813"}],"wp:attachment":[{"href":"https:\/\/mobecor.ee\/en\/wp-json\/wp\/v2\/media?parent=24032"}],"wp:term":[{"taxonomy":"series","embeddable":true,"href":"https:\/\/mobecor.ee\/en\/wp-json\/wp\/v2\/series?post=24032"},{"taxonomy":"product_brand","embeddable":true,"href":"https:\/\/mobecor.ee\/en\/wp-json\/wp\/v2\/product_brand?post=24032"},{"taxonomy":"product_cat","embeddable":true,"href":"https:\/\/mobecor.ee\/en\/wp-json\/wp\/v2\/product_cat?post=24032"},{"taxonomy":"product_tag","embeddable":true,"href":"https:\/\/mobecor.ee\/en\/wp-json\/wp\/v2\/product_tag?post=24032"}],"curies":[{"name":"wp","href":"https:\/\/api.w.org\/{rel}","templated":true}]}}