{"id":24034,"date":"2025-05-06T06:43:23","date_gmt":"2025-05-06T06:43:23","guid":{"rendered":"https:\/\/mobecor.ee\/?post_type=product&#038;p=24034"},"modified":"2026-02-10T15:32:20","modified_gmt":"2026-02-10T13:32:20","slug":"tv-alus-diana-da-14","status":"publish","type":"product","link":"https:\/\/mobecor.ee\/en\/toode\/tv-alus-diana-da-14\/","title":{"rendered":"Tv-alus Diana DA-14 (144\/47\/60)"},"content":{"rendered":"<p>Tv-alusel on 2 ust ja 2 sahtlit.<br \/>\nMaterjal: kvaliteetne ja vastupidav laminaat. Jalad: p\u00f6\u00f6gipuit. K\u00e4epidemed: metallist.<br \/>\nV\u00e4rvivalik: valge m\u00e4nd; tume tamm lefkas.<br \/>\nToode tarnitakse detailidena.<br \/>\nToodetud: Poolas.<\/p>\n","protected":false},"excerpt":{"rendered":"<p>Laius: 144 cm<br \/>\nS\u00fcgavus: 47 cm.<br \/>\nK\u00f5rgus: 60 cm.<br \/>\nTarneaeg: 4-8 n\u00e4dalat.<span style=\"font-size: 10pt;\"><br \/>\n<\/span><\/p>\n","protected":false},"featured_media":5336,"template":"","meta":{"_acf_changed":false,"inline_featured_image":false},"series":[3006],"product_brand":[2943],"product_cat":[34],"product_tag":[],"class_list":{"0":"post-24034","1":"product","2":"type-product","3":"status-publish","4":"has-post-thumbnail","6":"series-diana","7":"product_brand-mlotmeble","8":"product_cat-tv-alused","10":"first","11":"instock","12":"taxable","13":"shipping-taxable","14":"purchasable","15":"product-type-simple"},"acf":[],"_links":{"self":[{"href":"https:\/\/mobecor.ee\/en\/wp-json\/wp\/v2\/product\/24034","targetHints":{"allow":["GET"]}}],"collection":[{"href":"https:\/\/mobecor.ee\/en\/wp-json\/wp\/v2\/product"}],"about":[{"href":"https:\/\/mobecor.ee\/en\/wp-json\/wp\/v2\/types\/product"}],"wp:featuredmedia":[{"embeddable":true,"href":"https:\/\/mobecor.ee\/en\/wp-json\/wp\/v2\/media\/5336"}],"wp:attachment":[{"href":"https:\/\/mobecor.ee\/en\/wp-json\/wp\/v2\/media?parent=24034"}],"wp:term":[{"taxonomy":"series","embeddable":true,"href":"https:\/\/mobecor.ee\/en\/wp-json\/wp\/v2\/series?post=24034"},{"taxonomy":"product_brand","embeddable":true,"href":"https:\/\/mobecor.ee\/en\/wp-json\/wp\/v2\/product_brand?post=24034"},{"taxonomy":"product_cat","embeddable":true,"href":"https:\/\/mobecor.ee\/en\/wp-json\/wp\/v2\/product_cat?post=24034"},{"taxonomy":"product_tag","embeddable":true,"href":"https:\/\/mobecor.ee\/en\/wp-json\/wp\/v2\/product_tag?post=24034"}],"curies":[{"name":"wp","href":"https:\/\/api.w.org\/{rel}","templated":true}]}}