{"id":24038,"date":"2025-05-06T06:43:35","date_gmt":"2025-05-06T06:43:35","guid":{"rendered":"https:\/\/mobecor.ee\/?post_type=product&#038;p=24038"},"modified":"2026-02-10T15:31:07","modified_gmt":"2026-02-10T13:31:07","slug":"kummut-diana-da-7-ulakapp-da-18","status":"publish","type":"product","link":"https:\/\/mobecor.ee\/en\/toode\/kummut-diana-da-7-ulakapp-da-18\/","title":{"rendered":"Kummut Diana DA-7 + \u00fclakapp DA-18 (165\/47\/195)"},"content":{"rendered":"<p>Kummutil on 5 sahtlit ja 2 ust.<br \/>\n\u00dclakapil on 2 osaliselt klaasiga ust ja 4 sahtlit.<br \/>\nMaterjal: kvaliteetne ja vastupidav laminaat. Jalad: p\u00f6\u00f6gipuit. K\u00e4epidemed: metallist.<br \/>\nV\u00e4rvivalik: valge m\u00e4nd; tume tamm lefkas.<br \/>\nToode tarnitakse detailidena.<br \/>\nToodetud: Poolas.<\/p>\n","protected":false},"excerpt":{"rendered":"<p>Kummuti laius: 165 cm<br \/>\nKummuti s\u00fcgavus: 47 cm.<br \/>\nKummuti k\u00f5rgus: 89 cm.<br \/>\n\u00dclakapi laius: 165 cm.<br \/>\n\u00dclakapi s\u00fcgavus: 42 cm.<br \/>\n\u00dclakapi k\u00f5rgus: 106 cm.<br \/>\nTarneaeg: 4-8 n\u00e4dalat.<\/p>\n","protected":false},"featured_media":73794,"template":"","meta":{"_acf_changed":false,"inline_featured_image":false},"series":[3006],"product_brand":[2943],"product_cat":[36],"product_tag":[],"class_list":{"0":"post-24038","1":"product","2":"type-product","3":"status-publish","4":"has-post-thumbnail","6":"series-diana","7":"product_brand-mlotmeble","8":"product_cat-kummutid","10":"first","11":"instock","12":"taxable","13":"shipping-taxable","14":"purchasable","15":"product-type-simple"},"acf":[],"_links":{"self":[{"href":"https:\/\/mobecor.ee\/en\/wp-json\/wp\/v2\/product\/24038","targetHints":{"allow":["GET"]}}],"collection":[{"href":"https:\/\/mobecor.ee\/en\/wp-json\/wp\/v2\/product"}],"about":[{"href":"https:\/\/mobecor.ee\/en\/wp-json\/wp\/v2\/types\/product"}],"wp:featuredmedia":[{"embeddable":true,"href":"https:\/\/mobecor.ee\/en\/wp-json\/wp\/v2\/media\/73794"}],"wp:attachment":[{"href":"https:\/\/mobecor.ee\/en\/wp-json\/wp\/v2\/media?parent=24038"}],"wp:term":[{"taxonomy":"series","embeddable":true,"href":"https:\/\/mobecor.ee\/en\/wp-json\/wp\/v2\/series?post=24038"},{"taxonomy":"product_brand","embeddable":true,"href":"https:\/\/mobecor.ee\/en\/wp-json\/wp\/v2\/product_brand?post=24038"},{"taxonomy":"product_cat","embeddable":true,"href":"https:\/\/mobecor.ee\/en\/wp-json\/wp\/v2\/product_cat?post=24038"},{"taxonomy":"product_tag","embeddable":true,"href":"https:\/\/mobecor.ee\/en\/wp-json\/wp\/v2\/product_tag?post=24038"}],"curies":[{"name":"wp","href":"https:\/\/api.w.org\/{rel}","templated":true}]}}